{"id":6172,"date":"2023-11-21T22:13:37","date_gmt":"2023-11-21T22:13:37","guid":{"rendered":"https:\/\/egecetransport.com\/?page_id=6172"},"modified":"2023-11-21T22:13:37","modified_gmt":"2023-11-21T22:13:37","slug":"cerez-politikasi","status":"publish","type":"page","link":"https:\/\/egecetransport.com\/ru\/cerez-politikasi\/","title":{"rendered":"\u00c7erez Politikas\u0131"},"content":{"rendered":"<ol>\n<li><strong> \u00c7erez Politikas\u0131<\/strong><\/li>\n<\/ol>\n<p><strong>\u00a0<\/strong><\/p>\n<p>Bu \u00c7erez Politikas\u0131 (k\u0131saca \u201cPolitika\u201d\u00a0olarak an\u0131lacakt\u0131r);\u00a0Egece Transport Uluslararas\u0131 Ta\u015f\u0131mac\u0131l\u0131k Ticaret Ltd. \u015eti.\u00a0 (<strong>Egece Transport)<\/strong> \u2018ya ait olup, \u00e7erez kullan\u0131m\u0131na ili\u015fkin a\u00e7\u0131klamalar i\u00e7ermektedir. Sitemizi kullanarak \u00e7erezlerin i\u015fbu Politikada belirtilen \u015fekilde kullan\u0131lmalar\u0131n\u0131 onaylam\u0131\u015f olursunuz.<\/p>\n<p>&nbsp;<\/p>\n<p><strong>1.1. \u00c7erez (Cookie) Nedir?<\/strong><\/p>\n<p><strong>\u00a0<\/strong><\/p>\n<p>\u00c7erezler, bir internet sitesi ziyaret edildi\u011finde ziyaret\u00e7inin cihaz\u0131nda ve isim-de\u011fer format\u0131nda veri bar\u0131nd\u0131rabilen k\u00fc\u00e7\u00fck dosyalard\u0131r. S\u00f6z konusu dosyalar bunlara eri\u015fim sa\u011flayabilen taray\u0131c\u0131 ve sunucular taraf\u0131ndan anlamland\u0131r\u0131labilmekte ve bu yolla internet sitesine ziyaretin ger\u00e7ekle\u015ftirildi\u011fi cihaz ve dolay\u0131s\u0131yla ilgili kullan\u0131c\u0131 hakk\u0131nda \u00e7e\u015fitli bilgiler elde edilebilmektedir.<\/p>\n<p>&nbsp;<\/p>\n<p><strong>1.2. \u00c7erezler Ne Ama\u00e7la Kullan\u0131lmaktad\u0131r?<\/strong><\/p>\n<p><strong>\u00a0<\/strong><\/p>\n<p>\u00c7erezler bir\u00e7ok farkl\u0131 ama\u00e7 i\u00e7in kullan\u0131lmaktad\u0131r. \u00c7erezlere as\u0131l olarak a\u015fa\u011f\u0131daki ama\u00e7larla ba\u015fvurulmaktad\u0131r:<\/p>\n<p>&nbsp;<\/p>\n<ul>\n<li>\u0130nternet sitesinin d\u00fczg\u00fcn bir \u015fekilde \u00e7al\u0131\u015fmas\u0131<\/li>\n<li>Ziyaret\u00e7iler i\u00e7in daha ki\u015fiselle\u015ftirilmi\u015f ve daha ilgi \u00e7ekici bir deneyim sunulabilmesi<\/li>\n<li>\u0130nternet sitesinin geli\u015ftirilerek optimize edilmesi ve<\/li>\n<li>Ziyaret\u00e7ilerin tercihlerinin hat\u0131rlanmas\u0131 (\u00d6rne\u011fin; Egece Transport\u2019aa giri\u015f yaparken girdi\u011finiz bilgiler, dil tercihi, sepet bilgileri ve di\u011fer tercihler)<\/li>\n<\/ul>\n<p>&nbsp;<\/p>\n<p><strong>1.3. \u00c7erez T\u00fcrlerimiz<\/strong><\/p>\n<p><strong>\u00a0<\/strong><\/p>\n<table width=\"100%\">\n<thead>\n<tr>\n<td><strong>\u00c7erez T\u00fcr\u00fc<\/strong><\/td>\n<td><strong>A\u00e7\u0131klama<\/strong><\/td>\n<\/tr>\n<\/thead>\n<tbody>\n<tr>\n<td width=\"16%\">Oturum \u00c7erezleri<\/td>\n<td>\u0130nternet sitesinden ayr\u0131lana dek cihazlar\u0131n\u0131zda tutulan ge\u00e7ici \u00e7erezleri ifade eder.<\/td>\n<\/tr>\n<tr>\n<td>Zorunlu \u00c7erezler<\/td>\n<td>\u0130nternet sitesinin d\u00fczg\u00fcn bir \u015fekilde \u00e7al\u0131\u015fabilmesi ve kullan\u0131c\u0131lar\u0131n sitede sunulan hizmetlerden ve gezinme \u00f6zelliklerinden yararlanmalar\u0131 i\u00e7in kullan\u0131lmalar\u0131 mecburi olan \u00e7erezlerdir.<\/td>\n<\/tr>\n<tr>\n<td>\u0130\u015flevsel ve Analitik \u00c7erezler<\/td>\n<td>Tercihlerinizin hat\u0131rlanmas\u0131, internet sitesinin etkin \u015fekilde kullan\u0131lmas\u0131 hakk\u0131nda verileri i\u00e7eren \u00e7erezlerdir. Niteli\u011fi gere\u011fi bu t\u00fcrdeki \u00e7erezler ki\u015fisel verilerinizi i\u00e7erebilir. \u00d6rne\u011fin; sitemizde dil tercihinizi kaydeden \u00e7erezler birer i\u015flevsel \u00e7erezdir.<\/td>\n<\/tr>\n<\/tbody>\n<\/table>\n<p><strong>\u00a0<\/strong><\/p>\n<ol start=\"2\">\n<li><strong> \u00c7erez Politikalar\u0131m\u0131z<\/strong><\/li>\n<\/ol>\n<p><strong>\u00a0<\/strong><\/p>\n<p><strong>2.1. Egece Transport\u2019n\u0131n Kullan\u0131m\u0131 Kapsam\u0131nda \u00c7erezleri Kim, Nas\u0131l G\u00f6nderir?<\/strong><\/p>\n<p>\u00c7erezler;<\/p>\n<ol>\n<li>Egece Transport taraf\u0131ndan ve\/veya,<\/li>\n<li>E\u011fer ziyaret edilen sayfada video veya foto\u011fraf gibi baz\u0131 i\u00e7erikler sa\u011flanmakta ise, \u00fc\u00e7\u00fcnc\u00fc ki\u015filer taraf\u0131ndan ve gezintiniz s\u0131ras\u0131nda cihaz\u0131n\u0131zda bulunan taray\u0131c\u0131 (Google Chrome, Mozilla vb.) ile sunucular aras\u0131nda kurulan ileti\u015fim vas\u0131tas\u0131yla<\/li>\n<li>Google Analytics vb. servisler \u00fczerinden i\u015flenen \u00e7erezler g\u00f6nderilmektedir.<\/li>\n<\/ol>\n<p>&nbsp;<\/p>\n<ul>\n<li><strong>2. Cihaz\u0131n\u0131zdan Ald\u0131\u011f\u0131m\u0131z \u00c7erez Bilgilerini Kullanmam\u0131z<\/strong><\/li>\n<\/ul>\n<p><strong>\u00a0<\/strong><\/p>\n<p>\u00c7erezler;<\/p>\n<ul>\n<li>Egece Transporti ziyaretiniz s\u0131ras\u0131nda yapt\u0131\u011f\u0131n\u0131z gezinti ve kullan\u0131m tercihlerinin,<\/li>\n<li>Tercihlerinize ili\u015fkin bilgilerin hat\u0131rlanmas\u0131nda yard\u0131mc\u0131 olur.<\/li>\n<\/ul>\n<p>&nbsp;<\/p>\n<p>Ayr\u0131ca, Egece Transport\u2019da yer alan yaz\u0131lar\u0131, haberleri ve di\u011fer sekmelerde yer alan i\u00e7erikleri ziyaretleriniz s\u0131ras\u0131ndaki t\u0131klama s\u0131kl\u0131\u011f\u0131 ve ziyaret edilen sayfalara ili\u015fkin kullan\u0131m verilerini anonim hale getirmek suretiyle istatistiki ama\u00e7larla kullan\u0131r\u0131z.<\/p>\n<p>\u00c7erez verilerini, ki\u015fisel kimli\u011finize eri\u015fmek amac\u0131yla kullanmamaktay\u0131z. Egece Transport, \u00e7erezlerinizi 6698 say\u0131l\u0131 KVKK ve GDPR\u2019a uygun \u015fekilde ve \u201cEgece Transport KVKK ve Gizlilik Politikas\u0131\u2019na\u201d uygun \u00a0i\u015flemektedir.<\/p>\n<p>&nbsp;<\/p>\n<ul>\n<li><strong>3. \u00c7erezleri Nas\u0131l Kontrol Ederim?<\/strong><\/li>\n<li><\/li>\n<\/ul>\n<p>Egece Transport\u2019\u0131 kullanabilmek i\u00e7in \u00e7erezleri kabul etmek zorunda de\u011filsiniz fakat bu durumda kullan\u0131c\u0131 deneyiminizin kalitesi d\u00fc\u015febilir.<\/p>\n<p>Taray\u0131c\u0131n\u0131z\u0131n \u00e7erezler ile ilgili ayarlar\u0131 hakk\u0131nda detayl\u0131 bilgi i\u00e7in:<\/p>\n<ul>\n<li><a href=\"https:\/\/support.mozilla.com\/en-US\/kb\/cookies-information-websites-store-on-your-computer?redirectlocale=en-US&#038;redirectslug=Cookies\">Firefox<\/a><\/li>\n<\/ul>\n<p>&nbsp;<\/p>\n<ul>\n<li><a href=\"https:\/\/support.google.com\/chrome\/answer\/95647?hl=en&#038;ref_topic=14666\">Chrome<\/a><\/li>\n<\/ul>\n<p>&nbsp;<\/p>\n<ul>\n<li><a href=\"https:\/\/support.apple.com\/kb\/PH17191?locale=en_US\">Safari<\/a><\/li>\n<\/ul>\n<p>&nbsp;<\/p>\n<ul>\n<li><a href=\"https:\/\/support.microsoft.com\/en-us\/help\/17442\/windows-internet-explorer-delete-manage-cookies#ie=ie-10\">Internet Explorer<\/a><\/li>\n<\/ul>\n<p>&nbsp;<\/p>\n<p>\u0130nternet taray\u0131c\u0131lar\u0131ndan gerekli ayarlar ile \u00c7erezleri silebilirsiniz.<\/p>\n<h2>3. Hangi T\u00fcrlerini Kullan\u0131yoruz?<\/h2>\n<p>Oturum \u00e7erezleri (session cookies), zorunlu \u00e7erezler (compulsory cookies), i\u015flevsel ve analitik \u00e7erezler (fonctions and analytics cookies) olmak \u00fczere sitelerimiz genelinde \u00fc\u00e7 t\u00fcr \u00e7erez kullanmaktay\u0131z. Oturum \u00e7erezleri ge\u00e7ici \u00e7erezler olup sadece taray\u0131c\u0131n\u0131z\u0131 kapat\u0131ncaya kadar ge\u00e7erlidirler. Kal\u0131c\u0131 \u00e7erezler siz silinceye veya s\u00fcreleri doluncaya (bu \u015fekilde \u00e7erezlerin cihaz\u0131nda ne kadar kalaca\u011f\u0131, \u00e7erezlerin &#8220;kullan\u0131m \u00f6m\u00fcrlerine&#8221; ba\u011fl\u0131 olacakt\u0131r) kadar sabit diskinizde kal\u0131rlar.<\/p>\n<p>Egece Transport, Google, Inc. (&#8220;Google&#8221;) taraf\u0131ndan sa\u011flanan bir web analizi hizmeti olan Google Analytics kullanmaktad\u0131r. Google Analytics, \u00e7erezleri kullan\u0131c\u0131lar\u0131n web sitesini, mobil uygulamay\u0131 ve\/veya mobil sitesini nas\u0131l kulland\u0131klar\u0131n\u0131 istatistiki bilgiler\/raporlar ile analiz etmek amac\u0131yla kullanmaktad\u0131r.<\/p>\n<h2>3.1. \u00dc\u00e7\u00fcnc\u00fc Parti \u00c7erezleri (3th Party Cookies)<\/h2>\n<p>\u0130\u015f ortaklar\u0131m\u0131z, reklam platformlar\u0131, sosyal medya platformlar\u0131 ile analitik bilgileri toplama hizmeti veren, sitemiz genelinde kullan\u0131lan bu servis sa\u011flay\u0131c\u0131lar hizmetlerini sunabilmeleri i\u00e7in sitelerimizi ziyaret etti\u011finizde, bizim yerimize cihazlar\u0131n\u0131za \u00e7erez kaydetmelerine izin verebiliriz. Bu \u00e7erezler hakk\u0131nda daha fazla bilgi edinmek ve bu \u00e7erezlerin nas\u0131l kontrol edilece\u011fine ili\u015fkin ayr\u0131nt\u0131l\u0131 bilgi i\u00e7in, l\u00fctfen bu \u00fc\u00e7\u00fcnc\u00fc parti kurum ve kurulu\u015flar\u0131n gizlilik politikalar\u0131n\u0131 veya \u00e7erez politikalar\u0131n\u0131 inceleyiniz.<\/p>\n","protected":false},"excerpt":{"rendered":"<p>\u00c7erez Politikas\u0131 \u00a0 Bu \u00c7erez Politikas\u0131 (k\u0131saca \u201cPolitika\u201d\u00a0olarak an\u0131lacakt\u0131r);\u00a0Egece Transport Uluslararas\u0131 Ta\u015f\u0131mac\u0131l\u0131k Ticaret Ltd. \u015eti.\u00a0 (Egece Transport) \u2018ya ait olup, \u00e7erez kullan\u0131m\u0131na ili\u015fkin a\u00e7\u0131klamalar i\u00e7ermektedir. Sitemizi kullanarak \u00e7erezlerin i\u015fbu Politikada belirtilen \u015fekilde kullan\u0131lmalar\u0131n\u0131 onaylam\u0131\u015f olursunuz. &nbsp; 1.1. \u00c7erez (Cookie) Nedir? \u00a0 \u00c7erezler, bir internet sitesi ziyaret edildi\u011finde ziyaret\u00e7inin cihaz\u0131nda ve isim-de\u011fer format\u0131nda veri bar\u0131nd\u0131rabilen k\u00fc\u00e7\u00fck [&hellip;]<\/p>\n","protected":false},"author":1,"featured_media":0,"parent":0,"menu_order":0,"comment_status":"closed","ping_status":"closed","template":"","meta":[],"yoast_head":"<!-- This site is optimized with the Yoast SEO plugin v19.13 - https:\/\/yoast.com\/wordpress\/plugins\/seo\/ -->\n<title>\u00c7erez Politikas\u0131 - Egece Transport<\/title>\n<meta name=\"robots\" content=\"index, follow, max-snippet:-1, max-image-preview:large, max-video-preview:-1\" \/>\n<link rel=\"canonical\" href=\"https:\/\/egecetransport.com\/cerez-politikasi\/\" \/>\n<meta property=\"og:locale\" content=\"en_US\" \/>\n<meta property=\"og:type\" content=\"article\" \/>\n<meta property=\"og:title\" content=\"\u00c7erez Politikas\u0131\" \/>\n<meta property=\"og:description\" content=\"\u00c7erez Politikas\u0131 \u00a0 Bu \u00c7erez Politikas\u0131 (k\u0131saca \u201cPolitika\u201d\u00a0olarak an\u0131lacakt\u0131r);\u00a0Egece Transport Uluslararas\u0131 Ta\u015f\u0131mac\u0131l\u0131k Ticaret Ltd. \u015eti.\u00a0 (Egece Transport) \u2018ya ait olup, \u00e7erez kullan\u0131m\u0131na ili\u015fkin a\u00e7\u0131klamalar i\u00e7ermektedir. Sitemizi kullanarak \u00e7erezlerin i\u015fbu Politikada belirtilen \u015fekilde kullan\u0131lmalar\u0131n\u0131 onaylam\u0131\u015f olursunuz. &nbsp; 1.1. \u00c7erez (Cookie) Nedir? \u00a0 \u00c7erezler, bir internet sitesi ziyaret edildi\u011finde ziyaret\u00e7inin cihaz\u0131nda ve isim-de\u011fer format\u0131nda veri bar\u0131nd\u0131rabilen k\u00fc\u00e7\u00fck [&hellip;]\" \/>\n<meta property=\"og:url\" content=\"https:\/\/egecetransport.com\/cerez-politikasi\/\" \/>\n<meta property=\"og:site_name\" content=\"Egece Transport\" \/>\n<meta name=\"twitter:card\" content=\"summary_large_image\" \/>\n<meta name=\"twitter:label1\" content=\"Est. reading time\" \/>\n\t<meta name=\"twitter:data1\" content=\"4 minutes\" \/>\n<script type=\"application\/ld+json\" class=\"yoast-schema-graph\">{\"@context\":\"https:\/\/schema.org\",\"@graph\":[{\"@type\":\"WebPage\",\"@id\":\"https:\/\/egecetransport.com\/cerez-politikasi\/\",\"url\":\"https:\/\/egecetransport.com\/cerez-politikasi\/\",\"name\":\"[:tr]\u00c7erez Politikas\u0131[:] - Egece Transport\",\"isPartOf\":{\"@id\":\"https:\/\/egecetransport.com\/#website\"},\"datePublished\":\"2023-11-21T22:13:37+00:00\",\"dateModified\":\"2023-11-21T22:13:37+00:00\",\"breadcrumb\":{\"@id\":\"https:\/\/egecetransport.com\/cerez-politikasi\/#breadcrumb\"},\"inLanguage\":\"ru-RU\",\"potentialAction\":[{\"@type\":\"ReadAction\",\"target\":[\"https:\/\/egecetransport.com\/cerez-politikasi\/\"]}]},{\"@type\":\"BreadcrumbList\",\"@id\":\"https:\/\/egecetransport.com\/cerez-politikasi\/#breadcrumb\",\"itemListElement\":[{\"@type\":\"ListItem\",\"position\":1,\"name\":\"Anasayfa\",\"item\":\"https:\/\/egecetransport.com\/\"},{\"@type\":\"ListItem\",\"position\":2,\"name\":\"\u00c7erez Politikas\u0131\"}]},{\"@type\":\"WebSite\",\"@id\":\"https:\/\/egecetransport.com\/#website\",\"url\":\"https:\/\/egecetransport.com\/\",\"name\":\"www.egecetransport.com\",\"description\":\"Uluslararas\u0131 Kara - Hava ve Deniz Ta\u015f\u0131mac\u0131l\u0131\u011f\u0131\",\"publisher\":{\"@id\":\"https:\/\/egecetransport.com\/#organization\"},\"potentialAction\":[{\"@type\":\"SearchAction\",\"target\":{\"@type\":\"EntryPoint\",\"urlTemplate\":\"https:\/\/egecetransport.com\/?s={search_term_string}\"},\"query-input\":\"required name=search_term_string\"}],\"inLanguage\":\"ru-RU\"},{\"@type\":\"Organization\",\"@id\":\"https:\/\/egecetransport.com\/#organization\",\"name\":\"www.egecetransport.com\",\"url\":\"https:\/\/egecetransport.com\/\",\"logo\":{\"@type\":\"ImageObject\",\"inLanguage\":\"ru-RU\",\"@id\":\"https:\/\/egecetransport.com\/#\/schema\/logo\/image\/\",\"url\":\"https:\/\/egecetransport.com\/wp-content\/uploads\/2022\/12\/egece-kurumsal-logo-head.png\",\"contentUrl\":\"https:\/\/egecetransport.com\/wp-content\/uploads\/2022\/12\/egece-kurumsal-logo-head.png\",\"width\":270,\"height\":70,\"caption\":\"www.egecetransport.com\"},\"image\":{\"@id\":\"https:\/\/egecetransport.com\/#\/schema\/logo\/image\/\"}}]}<\/script>\n<!-- \/ Yoast SEO plugin. -->","yoast_head_json":{"title":"\u00c7erez Politikas\u0131 - Egece Transport","robots":{"index":"index","follow":"follow","max-snippet":"max-snippet:-1","max-image-preview":"max-image-preview:large","max-video-preview":"max-video-preview:-1"},"canonical":"https:\/\/egecetransport.com\/cerez-politikasi\/","og_locale":"en_US","og_type":"article","og_title":"[:tr]\u00c7erez Politikas\u0131[:] - Egece Transport","og_description":"\u00c7erez Politikas\u0131 \u00a0 Bu \u00c7erez Politikas\u0131 (k\u0131saca \u201cPolitika\u201d\u00a0olarak an\u0131lacakt\u0131r);\u00a0Egece Transport Uluslararas\u0131 Ta\u015f\u0131mac\u0131l\u0131k Ticaret Ltd. \u015eti.\u00a0 (Egece Transport) \u2018ya ait olup, \u00e7erez kullan\u0131m\u0131na ili\u015fkin a\u00e7\u0131klamalar i\u00e7ermektedir. Sitemizi kullanarak \u00e7erezlerin i\u015fbu Politikada belirtilen \u015fekilde kullan\u0131lmalar\u0131n\u0131 onaylam\u0131\u015f olursunuz. &nbsp; 1.1. \u00c7erez (Cookie) Nedir? \u00a0 \u00c7erezler, bir internet sitesi ziyaret edildi\u011finde ziyaret\u00e7inin cihaz\u0131nda ve isim-de\u011fer format\u0131nda veri bar\u0131nd\u0131rabilen k\u00fc\u00e7\u00fck [&hellip;]","og_url":"https:\/\/egecetransport.com\/cerez-politikasi\/","og_site_name":"Egece Transport","twitter_card":"summary_large_image","twitter_misc":{"Est. reading time":"4 minutes"},"schema":{"@context":"https:\/\/schema.org","@graph":[{"@type":"WebPage","@id":"https:\/\/egecetransport.com\/cerez-politikasi\/","url":"https:\/\/egecetransport.com\/cerez-politikasi\/","name":"[:tr]\u00c7erez Politikas\u0131[:] - Egece Transport","isPartOf":{"@id":"https:\/\/egecetransport.com\/#website"},"datePublished":"2023-11-21T22:13:37+00:00","dateModified":"2023-11-21T22:13:37+00:00","breadcrumb":{"@id":"https:\/\/egecetransport.com\/cerez-politikasi\/#breadcrumb"},"inLanguage":"ru-RU","potentialAction":[{"@type":"ReadAction","target":["https:\/\/egecetransport.com\/cerez-politikasi\/"]}]},{"@type":"BreadcrumbList","@id":"https:\/\/egecetransport.com\/cerez-politikasi\/#breadcrumb","itemListElement":[{"@type":"ListItem","position":1,"name":"Anasayfa","item":"https:\/\/egecetransport.com\/"},{"@type":"ListItem","position":2,"name":"\u00c7erez Politikas\u0131"}]},{"@type":"WebSite","@id":"https:\/\/egecetransport.com\/#website","url":"https:\/\/egecetransport.com\/","name":"www.egecetransport.com","description":"Uluslararas\u0131 Kara - Hava ve Deniz Ta\u015f\u0131mac\u0131l\u0131\u011f\u0131","publisher":{"@id":"https:\/\/egecetransport.com\/#organization"},"potentialAction":[{"@type":"SearchAction","target":{"@type":"EntryPoint","urlTemplate":"https:\/\/egecetransport.com\/?s={search_term_string}"},"query-input":"required name=search_term_string"}],"inLanguage":"ru-RU"},{"@type":"Organization","@id":"https:\/\/egecetransport.com\/#organization","name":"www.egecetransport.com","url":"https:\/\/egecetransport.com\/","logo":{"@type":"ImageObject","inLanguage":"ru-RU","@id":"https:\/\/egecetransport.com\/#\/schema\/logo\/image\/","url":"https:\/\/egecetransport.com\/wp-content\/uploads\/2022\/12\/egece-kurumsal-logo-head.png","contentUrl":"https:\/\/egecetransport.com\/wp-content\/uploads\/2022\/12\/egece-kurumsal-logo-head.png","width":270,"height":70,"caption":"www.egecetransport.com"},"image":{"@id":"https:\/\/egecetransport.com\/#\/schema\/logo\/image\/"}}]}},"_links":{"self":[{"href":"https:\/\/egecetransport.com\/ru\/wp-json\/wp\/v2\/pages\/6172"}],"collection":[{"href":"https:\/\/egecetransport.com\/ru\/wp-json\/wp\/v2\/pages"}],"about":[{"href":"https:\/\/egecetransport.com\/ru\/wp-json\/wp\/v2\/types\/page"}],"author":[{"embeddable":true,"href":"https:\/\/egecetransport.com\/ru\/wp-json\/wp\/v2\/users\/1"}],"replies":[{"embeddable":true,"href":"https:\/\/egecetransport.com\/ru\/wp-json\/wp\/v2\/comments?post=6172"}],"version-history":[{"count":1,"href":"https:\/\/egecetransport.com\/ru\/wp-json\/wp\/v2\/pages\/6172\/revisions"}],"predecessor-version":[{"id":6173,"href":"https:\/\/egecetransport.com\/ru\/wp-json\/wp\/v2\/pages\/6172\/revisions\/6173"}],"wp:attachment":[{"href":"https:\/\/egecetransport.com\/ru\/wp-json\/wp\/v2\/media?parent=6172"}],"curies":[{"name":"wp","href":"https:\/\/api.w.org\/{rel}","templated":true}]}}