{"id":6026,"date":"2023-01-03T14:04:54","date_gmt":"2023-01-03T14:04:54","guid":{"rendered":"https:\/\/egecetransport.com\/?page_id=6026"},"modified":"2023-01-08T18:21:15","modified_gmt":"2023-01-08T18:21:15","slug":"havayolu-tasimaciligi","status":"publish","type":"page","link":"https:\/\/egecetransport.com\/ru\/havayolu-tasimaciligi\/","title":{"rendered":"\u0410\u0432\u0438\u0430\u043f\u0435\u0440\u0435\u0432\u043e\u0437\u043a\u0438"},"content":{"rendered":"<section class=\"wpb-content-wrapper\"><p>[vc_row][vc_column][vc_column_text]<span style=\"color: #000000;\"><strong><img decoding=\"async\" loading=\"lazy\" class=\"alignleft wp-image-6114 size-medium\" src=\"https:\/\/egecetransport.com\/wp-content\/uploads\/2023\/01\/hava-ru-300x200.jpg\" alt=\"\" width=\"300\" height=\"200\" srcset=\"https:\/\/egecetransport.com\/wp-content\/uploads\/2023\/01\/hava-ru-300x200.jpg 300w, https:\/\/egecetransport.com\/wp-content\/uploads\/2023\/01\/hava-ru-524x349.jpg 524w, https:\/\/egecetransport.com\/wp-content\/uploads\/2023\/01\/hava-ru.jpg 600w\" sizes=\"(max-width: 300px) 100vw, 300px\" \/>\u0412\u041e\u0417\u0414\u0423\u0428\u041d\u042b\u0415 \u0422\u0420\u0410\u041d\u0421\u041f\u041e\u0420\u0422\u041d\u042b\u0415 \u041f\u0415\u0420\u0415\u0412\u041e\u0417\u041a\u0418<\/strong><\/span><\/p>\n<p><span style=\"color: #000000;\">\u0421\u0442\u0440\u0435\u043c\u044f\u0441\u044c \u043f\u0440\u0435\u0434\u043b\u043e\u0436\u0438\u0442\u044c \u044d\u043a\u043e\u043d\u043e\u043c\u0438\u0447\u043d\u044b\u0435 \u0440\u0435\u0448\u0435\u043d\u0438\u044f \u0432 \u043e\u0431\u043b\u0430\u0441\u0442\u0438 \u0430\u0432\u0438\u0430\u043f\u0435\u0440\u0435\u0432\u043e\u0437\u043e\u043a, \u043d\u0430\u0448 \u0431\u0440\u0435\u043d\u0434 \u0440\u0430\u0431\u043e\u0442\u0430\u0435\u0442 \u0432\u043e \u0432\u0441\u0435\u0445 \u043e\u0431\u043b\u0430\u0441\u0442\u044f\u0445 \u043b\u043e\u0433\u0438\u0441\u0442\u0438\u043a\u0438, \u0447\u0442\u043e\u0431\u044b \u0433\u0430\u0440\u0430\u043d\u0442\u0438\u0440\u043e\u0432\u0430\u0442\u044c, \u0447\u0442\u043e \u0432\u0430\u0448\u0430 \u043b\u043e\u0433\u0438\u0441\u0442\u0438\u0447\u0435\u0441\u043a\u0430\u044f \u0443\u0441\u043b\u0443\u0433\u0430 \u0431\u0443\u0434\u0435\u0442 \u0437\u0430\u0432\u0435\u0440\u0448\u0435\u043d\u0430 \u043a\u0430\u043a \u043c\u043e\u0436\u043d\u043e \u0431\u044b\u0441\u0442\u0440\u0435\u0435.<\/span>[\/vc_column_text][vc_btn title=&#8221;\u0424\u043e\u0440\u043c\u0430 \u0437\u0430\u043f\u0440\u043e\u0441\u0430 \u043b\u043e\u0433\u0438\u0441\u0442\u0438\u043a\u0438&#8221; style=&#8221;outline&#8221; color=&#8221;sky&#8221; align=&#8221;left&#8221; i_icon_fontawesome=&#8221;fas fa-edit&#8221; add_icon=&#8221;true&#8221; link=&#8221;url:https%3A%2F%2Fegecetransport.com%2Fru%2Flojistik-talep-formu%2F&#8221;][\/vc_column][\/vc_row]<\/p>\n<\/section>","protected":false},"excerpt":{"rendered":"<p>[vc_row][vc_column][vc_column_text]\u0412\u041e\u0417\u0414\u0423\u0428\u041d\u042b\u0415 \u0422\u0420\u0410\u041d\u0421\u041f\u041e\u0420\u0422\u041d\u042b\u0415 \u041f\u0415\u0420\u0415\u0412\u041e\u0417\u041a\u0418 \u0421\u0442\u0440\u0435\u043c\u044f\u0441\u044c \u043f\u0440\u0435\u0434\u043b\u043e\u0436\u0438\u0442\u044c \u044d\u043a\u043e\u043d\u043e\u043c\u0438\u0447\u043d\u044b\u0435 \u0440\u0435\u0448\u0435\u043d\u0438\u044f \u0432 \u043e\u0431\u043b\u0430\u0441\u0442\u0438 \u0430\u0432\u0438\u0430\u043f\u0435\u0440\u0435\u0432\u043e\u0437\u043e\u043a, \u043d\u0430\u0448 \u0431\u0440\u0435\u043d\u0434 \u0440\u0430\u0431\u043e\u0442\u0430\u0435\u0442 \u0432\u043e \u0432\u0441\u0435\u0445 \u043e\u0431\u043b\u0430\u0441\u0442\u044f\u0445 \u043b\u043e\u0433\u0438\u0441\u0442\u0438\u043a\u0438, \u0447\u0442\u043e\u0431\u044b \u0433\u0430\u0440\u0430\u043d\u0442\u0438\u0440\u043e\u0432\u0430\u0442\u044c, \u0447\u0442\u043e \u0432\u0430\u0448\u0430 \u043b\u043e\u0433\u0438\u0441\u0442\u0438\u0447\u0435\u0441\u043a\u0430\u044f \u0443\u0441\u043b\u0443\u0433\u0430 \u0431\u0443\u0434\u0435\u0442 \u0437\u0430\u0432\u0435\u0440\u0448\u0435\u043d\u0430 \u043a\u0430\u043a \u043c\u043e\u0436\u043d\u043e \u0431\u044b\u0441\u0442\u0440\u0435\u0435.[\/vc_column_text][vc_btn title=&#8221;\u0424\u043e\u0440\u043c\u0430 \u0437\u0430\u043f\u0440\u043e\u0441\u0430 \u043b\u043e\u0433\u0438\u0441\u0442\u0438\u043a\u0438&#8221; style=&#8221;outline&#8221; color=&#8221;sky&#8221; align=&#8221;left&#8221; i_icon_fontawesome=&#8221;fas fa-edit&#8221; add_icon=&#8221;true&#8221; link=&#8221;url:https%3A%2F%2Fegecetransport.com%2Fru%2Flojistik-talep-formu%2F&#8221;][\/vc_column][\/vc_row]<\/p>\n","protected":false},"author":1,"featured_media":0,"parent":0,"menu_order":0,"comment_status":"closed","ping_status":"closed","template":"","meta":[],"yoast_head":"<!-- This site is optimized with the Yoast SEO plugin v19.13 - https:\/\/yoast.com\/wordpress\/plugins\/seo\/ -->\n<title>\u0410\u0432\u0438\u0430\u043f\u0435\u0440\u0435\u0432\u043e\u0437\u043a\u0438 - Egece Transport<\/title>\n<meta name=\"robots\" content=\"index, follow, max-snippet:-1, max-image-preview:large, max-video-preview:-1\" \/>\n<link rel=\"canonical\" href=\"https:\/\/egecetransport.com\/ru\/havayolu-tasimaciligi\/\" \/>\n<meta property=\"og:locale\" content=\"en_US\" \/>\n<meta property=\"og:type\" content=\"article\" \/>\n<meta property=\"og:title\" content=\"\u0410\u0432\u0438\u0430\u043f\u0435\u0440\u0435\u0432\u043e\u0437\u043a\u0438\" \/>\n<meta property=\"og:description\" content=\"[vc_row][vc_column][vc_column_text]\u0412\u041e\u0417\u0414\u0423\u0428\u041d\u042b\u0415 \u0422\u0420\u0410\u041d\u0421\u041f\u041e\u0420\u0422\u041d\u042b\u0415 \u041f\u0415\u0420\u0415\u0412\u041e\u0417\u041a\u0418 \u0421\u0442\u0440\u0435\u043c\u044f\u0441\u044c \u043f\u0440\u0435\u0434\u043b\u043e\u0436\u0438\u0442\u044c \u044d\u043a\u043e\u043d\u043e\u043c\u0438\u0447\u043d\u044b\u0435 \u0440\u0435\u0448\u0435\u043d\u0438\u044f \u0432 \u043e\u0431\u043b\u0430\u0441\u0442\u0438 \u0430\u0432\u0438\u0430\u043f\u0435\u0440\u0435\u0432\u043e\u0437\u043e\u043a, \u043d\u0430\u0448 \u0431\u0440\u0435\u043d\u0434 \u0440\u0430\u0431\u043e\u0442\u0430\u0435\u0442 \u0432\u043e \u0432\u0441\u0435\u0445 \u043e\u0431\u043b\u0430\u0441\u0442\u044f\u0445 \u043b\u043e\u0433\u0438\u0441\u0442\u0438\u043a\u0438, \u0447\u0442\u043e\u0431\u044b \u0433\u0430\u0440\u0430\u043d\u0442\u0438\u0440\u043e\u0432\u0430\u0442\u044c, \u0447\u0442\u043e \u0432\u0430\u0448\u0430 \u043b\u043e\u0433\u0438\u0441\u0442\u0438\u0447\u0435\u0441\u043a\u0430\u044f \u0443\u0441\u043b\u0443\u0433\u0430 \u0431\u0443\u0434\u0435\u0442 \u0437\u0430\u0432\u0435\u0440\u0448\u0435\u043d\u0430 \u043a\u0430\u043a \u043c\u043e\u0436\u043d\u043e \u0431\u044b\u0441\u0442\u0440\u0435\u0435.[\/vc_column_text][vc_btn title=&#8221;\u0424\u043e\u0440\u043c\u0430 \u0437\u0430\u043f\u0440\u043e\u0441\u0430 \u043b\u043e\u0433\u0438\u0441\u0442\u0438\u043a\u0438&#8221; style=&#8221;outline&#8221; color=&#8221;sky&#8221; align=&#8221;left&#8221; i_icon_fontawesome=&#8221;fas fa-edit&#8221; add_icon=&#8221;true&#8221; link=&#8221;url:https%3A%2F%2Fegecetransport.com%2Fru%2Flojistik-talep-formu%2F&#8221;][\/vc_column][\/vc_row]\" \/>\n<meta property=\"og:url\" content=\"https:\/\/egecetransport.com\/ru\/havayolu-tasimaciligi\/\" \/>\n<meta property=\"og:site_name\" content=\"Egece Transport\" \/>\n<meta property=\"article:modified_time\" content=\"2023-01-08T18:21:15+00:00\" \/>\n<meta property=\"og:image\" content=\"https:\/\/egecetransport.com\/wp-content\/uploads\/2023\/01\/havayolu-egece-300x200.jpg\" \/>\n<meta name=\"twitter:card\" content=\"summary_large_image\" \/>\n<meta name=\"twitter:label1\" content=\"Est. reading time\" \/>\n\t<meta name=\"twitter:data1\" content=\"1 minute\" \/>\n<script type=\"application\/ld+json\" class=\"yoast-schema-graph\">{\"@context\":\"https:\/\/schema.org\",\"@graph\":[{\"@type\":\"WebPage\",\"@id\":\"https:\/\/egecetransport.com\/ru\/havayolu-tasimaciligi\/\",\"url\":\"https:\/\/egecetransport.com\/ru\/havayolu-tasimaciligi\/\",\"name\":\"[:tr]Havayolu Ta\u015f\u0131mac\u0131l\u0131\u011f\u0131[:en]Airline Transportation[:ru]\u0410\u0432\u0438\u0430\u043f\u0435\u0440\u0435\u0432\u043e\u0437\u043a\u0438[:ge]\u10e1\u10d0\u10f0\u10d0\u10d4\u10e0\u10dd \u10d2\u10d6\u10d4\u10d1\u10d8\u10e1 \u10e2\u10e0\u10d0\u10dc\u10e1\u10de\u10dd\u10e0\u10e2\u10d8\u10e0\u10d4\u10d1\u10d0[:] - Egece Transport\",\"isPartOf\":{\"@id\":\"https:\/\/egecetransport.com\/#website\"},\"datePublished\":\"2023-01-03T14:04:54+00:00\",\"dateModified\":\"2023-01-08T18:21:15+00:00\",\"breadcrumb\":{\"@id\":\"https:\/\/egecetransport.com\/ru\/havayolu-tasimaciligi\/#breadcrumb\"},\"inLanguage\":\"ru-RU\",\"potentialAction\":[{\"@type\":\"ReadAction\",\"target\":[\"https:\/\/egecetransport.com\/ru\/havayolu-tasimaciligi\/\"]}]},{\"@type\":\"BreadcrumbList\",\"@id\":\"https:\/\/egecetransport.com\/ru\/havayolu-tasimaciligi\/#breadcrumb\",\"itemListElement\":[{\"@type\":\"ListItem\",\"position\":1,\"name\":\"Anasayfa\",\"item\":\"https:\/\/egecetransport.com\/\"},{\"@type\":\"ListItem\",\"position\":2,\"name\":\"\u0410\u0432\u0438\u0430\u043f\u0435\u0440\u0435\u0432\u043e\u0437\u043a\u0438\"}]},{\"@type\":\"WebSite\",\"@id\":\"https:\/\/egecetransport.com\/#website\",\"url\":\"https:\/\/egecetransport.com\/\",\"name\":\"www.egecetransport.com\",\"description\":\"Uluslararas\u0131 Kara - Hava ve Deniz Ta\u015f\u0131mac\u0131l\u0131\u011f\u0131\",\"publisher\":{\"@id\":\"https:\/\/egecetransport.com\/#organization\"},\"potentialAction\":[{\"@type\":\"SearchAction\",\"target\":{\"@type\":\"EntryPoint\",\"urlTemplate\":\"https:\/\/egecetransport.com\/?s={search_term_string}\"},\"query-input\":\"required name=search_term_string\"}],\"inLanguage\":\"ru-RU\"},{\"@type\":\"Organization\",\"@id\":\"https:\/\/egecetransport.com\/#organization\",\"name\":\"www.egecetransport.com\",\"url\":\"https:\/\/egecetransport.com\/\",\"logo\":{\"@type\":\"ImageObject\",\"inLanguage\":\"ru-RU\",\"@id\":\"https:\/\/egecetransport.com\/#\/schema\/logo\/image\/\",\"url\":\"https:\/\/egecetransport.com\/wp-content\/uploads\/2022\/12\/egece-kurumsal-logo-head.png\",\"contentUrl\":\"https:\/\/egecetransport.com\/wp-content\/uploads\/2022\/12\/egece-kurumsal-logo-head.png\",\"width\":270,\"height\":70,\"caption\":\"www.egecetransport.com\"},\"image\":{\"@id\":\"https:\/\/egecetransport.com\/#\/schema\/logo\/image\/\"}}]}<\/script>\n<!-- \/ Yoast SEO plugin. -->","yoast_head_json":{"title":"\u0410\u0432\u0438\u0430\u043f\u0435\u0440\u0435\u0432\u043e\u0437\u043a\u0438 - Egece Transport","robots":{"index":"index","follow":"follow","max-snippet":"max-snippet:-1","max-image-preview":"max-image-preview:large","max-video-preview":"max-video-preview:-1"},"canonical":"https:\/\/egecetransport.com\/ru\/havayolu-tasimaciligi\/","og_locale":"en_US","og_type":"article","og_title":"[:tr]Havayolu Ta\u015f\u0131mac\u0131l\u0131\u011f\u0131[:en]Airline Transportation[:ru]\u0410\u0432\u0438\u0430\u043f\u0435\u0440\u0435\u0432\u043e\u0437\u043a\u0438[:ge]\u10e1\u10d0\u10f0\u10d0\u10d4\u10e0\u10dd \u10d2\u10d6\u10d4\u10d1\u10d8\u10e1 \u10e2\u10e0\u10d0\u10dc\u10e1\u10de\u10dd\u10e0\u10e2\u10d8\u10e0\u10d4\u10d1\u10d0[:] - Egece Transport","og_description":"[vc_row][vc_column][vc_column_text]\u0412\u041e\u0417\u0414\u0423\u0428\u041d\u042b\u0415 \u0422\u0420\u0410\u041d\u0421\u041f\u041e\u0420\u0422\u041d\u042b\u0415 \u041f\u0415\u0420\u0415\u0412\u041e\u0417\u041a\u0418 \u0421\u0442\u0440\u0435\u043c\u044f\u0441\u044c \u043f\u0440\u0435\u0434\u043b\u043e\u0436\u0438\u0442\u044c \u044d\u043a\u043e\u043d\u043e\u043c\u0438\u0447\u043d\u044b\u0435 \u0440\u0435\u0448\u0435\u043d\u0438\u044f \u0432 \u043e\u0431\u043b\u0430\u0441\u0442\u0438 \u0430\u0432\u0438\u0430\u043f\u0435\u0440\u0435\u0432\u043e\u0437\u043e\u043a, \u043d\u0430\u0448 \u0431\u0440\u0435\u043d\u0434 \u0440\u0430\u0431\u043e\u0442\u0430\u0435\u0442 \u0432\u043e \u0432\u0441\u0435\u0445 \u043e\u0431\u043b\u0430\u0441\u0442\u044f\u0445 \u043b\u043e\u0433\u0438\u0441\u0442\u0438\u043a\u0438, \u0447\u0442\u043e\u0431\u044b \u0433\u0430\u0440\u0430\u043d\u0442\u0438\u0440\u043e\u0432\u0430\u0442\u044c, \u0447\u0442\u043e \u0432\u0430\u0448\u0430 \u043b\u043e\u0433\u0438\u0441\u0442\u0438\u0447\u0435\u0441\u043a\u0430\u044f \u0443\u0441\u043b\u0443\u0433\u0430 \u0431\u0443\u0434\u0435\u0442 \u0437\u0430\u0432\u0435\u0440\u0448\u0435\u043d\u0430 \u043a\u0430\u043a \u043c\u043e\u0436\u043d\u043e \u0431\u044b\u0441\u0442\u0440\u0435\u0435.[\/vc_column_text][vc_btn title=&#8221;\u0424\u043e\u0440\u043c\u0430 \u0437\u0430\u043f\u0440\u043e\u0441\u0430 \u043b\u043e\u0433\u0438\u0441\u0442\u0438\u043a\u0438&#8221; style=&#8221;outline&#8221; color=&#8221;sky&#8221; align=&#8221;left&#8221; i_icon_fontawesome=&#8221;fas fa-edit&#8221; add_icon=&#8221;true&#8221; link=&#8221;url:https%3A%2F%2Fegecetransport.com%2Fru%2Flojistik-talep-formu%2F&#8221;][\/vc_column][\/vc_row]","og_url":"https:\/\/egecetransport.com\/ru\/havayolu-tasimaciligi\/","og_site_name":"Egece Transport","article_modified_time":"2023-01-08T18:21:15+00:00","og_image":[{"url":"https:\/\/egecetransport.com\/wp-content\/uploads\/2023\/01\/havayolu-egece-300x200.jpg"}],"twitter_card":"summary_large_image","twitter_misc":{"Est. reading time":"1 minute"},"schema":{"@context":"https:\/\/schema.org","@graph":[{"@type":"WebPage","@id":"https:\/\/egecetransport.com\/ru\/havayolu-tasimaciligi\/","url":"https:\/\/egecetransport.com\/ru\/havayolu-tasimaciligi\/","name":"[:tr]Havayolu Ta\u015f\u0131mac\u0131l\u0131\u011f\u0131[:en]Airline Transportation[:ru]\u0410\u0432\u0438\u0430\u043f\u0435\u0440\u0435\u0432\u043e\u0437\u043a\u0438[:ge]\u10e1\u10d0\u10f0\u10d0\u10d4\u10e0\u10dd \u10d2\u10d6\u10d4\u10d1\u10d8\u10e1 \u10e2\u10e0\u10d0\u10dc\u10e1\u10de\u10dd\u10e0\u10e2\u10d8\u10e0\u10d4\u10d1\u10d0[:] - Egece Transport","isPartOf":{"@id":"https:\/\/egecetransport.com\/#website"},"datePublished":"2023-01-03T14:04:54+00:00","dateModified":"2023-01-08T18:21:15+00:00","breadcrumb":{"@id":"https:\/\/egecetransport.com\/ru\/havayolu-tasimaciligi\/#breadcrumb"},"inLanguage":"ru-RU","potentialAction":[{"@type":"ReadAction","target":["https:\/\/egecetransport.com\/ru\/havayolu-tasimaciligi\/"]}]},{"@type":"BreadcrumbList","@id":"https:\/\/egecetransport.com\/ru\/havayolu-tasimaciligi\/#breadcrumb","itemListElement":[{"@type":"ListItem","position":1,"name":"Anasayfa","item":"https:\/\/egecetransport.com\/"},{"@type":"ListItem","position":2,"name":"\u0410\u0432\u0438\u0430\u043f\u0435\u0440\u0435\u0432\u043e\u0437\u043a\u0438"}]},{"@type":"WebSite","@id":"https:\/\/egecetransport.com\/#website","url":"https:\/\/egecetransport.com\/","name":"www.egecetransport.com","description":"Uluslararas\u0131 Kara - Hava ve Deniz Ta\u015f\u0131mac\u0131l\u0131\u011f\u0131","publisher":{"@id":"https:\/\/egecetransport.com\/#organization"},"potentialAction":[{"@type":"SearchAction","target":{"@type":"EntryPoint","urlTemplate":"https:\/\/egecetransport.com\/?s={search_term_string}"},"query-input":"required name=search_term_string"}],"inLanguage":"ru-RU"},{"@type":"Organization","@id":"https:\/\/egecetransport.com\/#organization","name":"www.egecetransport.com","url":"https:\/\/egecetransport.com\/","logo":{"@type":"ImageObject","inLanguage":"ru-RU","@id":"https:\/\/egecetransport.com\/#\/schema\/logo\/image\/","url":"https:\/\/egecetransport.com\/wp-content\/uploads\/2022\/12\/egece-kurumsal-logo-head.png","contentUrl":"https:\/\/egecetransport.com\/wp-content\/uploads\/2022\/12\/egece-kurumsal-logo-head.png","width":270,"height":70,"caption":"www.egecetransport.com"},"image":{"@id":"https:\/\/egecetransport.com\/#\/schema\/logo\/image\/"}}]}},"_links":{"self":[{"href":"https:\/\/egecetransport.com\/ru\/wp-json\/wp\/v2\/pages\/6026"}],"collection":[{"href":"https:\/\/egecetransport.com\/ru\/wp-json\/wp\/v2\/pages"}],"about":[{"href":"https:\/\/egecetransport.com\/ru\/wp-json\/wp\/v2\/types\/page"}],"author":[{"embeddable":true,"href":"https:\/\/egecetransport.com\/ru\/wp-json\/wp\/v2\/users\/1"}],"replies":[{"embeddable":true,"href":"https:\/\/egecetransport.com\/ru\/wp-json\/wp\/v2\/comments?post=6026"}],"version-history":[{"count":14,"href":"https:\/\/egecetransport.com\/ru\/wp-json\/wp\/v2\/pages\/6026\/revisions"}],"predecessor-version":[{"id":6126,"href":"https:\/\/egecetransport.com\/ru\/wp-json\/wp\/v2\/pages\/6026\/revisions\/6126"}],"wp:attachment":[{"href":"https:\/\/egecetransport.com\/ru\/wp-json\/wp\/v2\/media?parent=6026"}],"curies":[{"name":"wp","href":"https:\/\/api.w.org\/{rel}","templated":true}]}}