{"id":5943,"date":"2022-12-30T22:06:50","date_gmt":"2022-12-30T22:06:50","guid":{"rendered":"https:\/\/egecetransport.com\/?page_id=5943"},"modified":"2024-12-07T20:06:51","modified_gmt":"2024-12-07T20:06:51","slug":"iletisim","status":"publish","type":"page","link":"https:\/\/egecetransport.com\/ge\/iletisim\/","title":{"rendered":"\u1c99\u10dd\u10db\u10e3\u10dc\u10d8\u10d9\u10d0\u10ea\u10d8\u10d0"},"content":{"rendered":"<section class=\"wpb-content-wrapper\"><p>[vc_row][vc_column width=&#8221;1\/2&#8243;][vc_text_separator title=&#8221;\u1ca1\u10d0\u10d9\u10dd\u10dc\u10e2\u10d0\u10e5\u10e2\u10dd \u10d8\u10dc\u10e4\u10dd\u10e0\u10db\u10d0\u10ea\u10d8\u10d0&#8221; color=&#8221;blue&#8221;][vc_column_text]<strong><span style=\"color: #000000;\">\u0130zmir:<\/span><\/strong><span style=\"color: #000000;\">Mersinli Mh. 1201\/1 Sk. Su Plaza No:2 \/7<br \/>\nKonak &#8211; \u0130ZM\u0130R &#8211; T\u00dcRK\u0130YE<\/span><\/p>\n<p><span style=\"color: #000000;\"><strong><span style=\"color: #000000;\">Georgia<\/span>:<\/strong> N4 a, fl.2, N5, Police I Lane Samgori, 0120 Tblisi, GEORGIA<\/span><\/p>\n<p><span style=\"color: #000000;\"><strong>\u10e2\u10d4\u10da\u10d4\u10e4\u10dd\u10dc\u10d8:<\/strong> +90 534 665 63 52<\/span><\/p>\n<p><span style=\"color: #000000;\"><strong>\u10d4\u10da.\u10e4\u10dd\u10e1\u10e2\u10d0:<\/strong> info@egecetransport.com<\/span>[\/vc_column_text][vc_text_separator title=&#8221;\u1ca0\u10dd\u10d2\u10dd\u10e0 \u10ec\u10d0\u10d5\u10d8\u10d3\u10d4?&#8221; color=&#8221;blue&#8221;][vc_gmaps link=&#8221;#E-8_JTNDaWZyYW1lJTIwc3JjJTNEJTIyaHR0cHMlM0ElMkYlMkZ3d3cuZ29vZ2xlLmNvbSUyRm1hcHMlMkZlbWJlZCUzRnBiJTNEJTIxMW0xOCUyMTFtMTIlMjExbTMlMjExZDMxMjQuNDk0Mjg4ODA2ODEzNSUyMTJkMjcuMTk1MTc1NzE1NjE4MTglMjEzZDM4LjQ1MzE0ODQ3OTY0MTYyJTIxMm0zJTIxMWYwJTIxMmYwJTIxM2YwJTIxM20yJTIxMWkxMDI0JTIxMmk3NjglMjE0ZjEzLjElMjEzbTMlMjExbTIlMjExczB4MTRiOTYyY2E5YTRkMzg3YiUyNTNBMHg1ZDBhN2M4OGQ5Y2IwODdlJTIxMnNMb2JpUGFybGFzJTI1MjBSZXNpZGVuY2UlMjUyNk9mZmljZSUyMTVlMCUyMTNtMiUyMTFzdHIlMjEyc3RyJTIxNHYxNjcyNDM3NDIzODY2JTIxNW0yJTIxMXN0ciUyMTJzdHIlMjIlMjB3aWR0aCUzRCUyMjYwMCUyMiUyMGhlaWdodCUzRCUyMjQ1MCUyMiUyMHN0eWxlJTNEJTIyYm9yZGVyJTNBMCUzQiUyMiUyMGFsbG93ZnVsbHNjcmVlbiUzRCUyMiUyMiUyMGxvYWRpbmclM0QlMjJsYXp5JTIyJTIwcmVmZXJyZXJwb2xpY3klM0QlMjJuby1yZWZlcnJlci13aGVuLWRvd25ncmFkZSUyMiUzRSUzQyUyRmlmcmFtZSUzRQ==&#8221;][\/vc_column][vc_column width=&#8221;1\/2&#8243;][vc_text_separator title=&#8221;\u10e1\u10d0\u10d9\u10dd\u10dc\u10e2\u10d0\u10e5\u10e2\u10dd \u10e4\u10dd\u10e0\u10db\u10d0&#8221; color=&#8221;blue&#8221;]<div class=\"wpcf7 no-js\" id=\"wpcf7-f6069-o1\" lang=\"en-US\" dir=\"ltr\">\n<div class=\"screen-reader-response\"><p role=\"status\" aria-live=\"polite\" aria-atomic=\"true\"><\/p> <ul><\/ul><\/div>\n<form action=\"\/ge\/wp-json\/wp\/v2\/pages\/5943#wpcf7-f6069-o1\" method=\"post\" class=\"wpcf7-form init\" aria-label=\"Contact form\" novalidate=\"novalidate\" data-status=\"init\">\n<div style=\"display: none;\">\n<input type=\"hidden\" name=\"_wpcf7\" value=\"6069\" \/>\n<input type=\"hidden\" name=\"_wpcf7_version\" value=\"5.7.1\" \/>\n<input type=\"hidden\" name=\"_wpcf7_locale\" value=\"en_US\" \/>\n<input type=\"hidden\" name=\"_wpcf7_unit_tag\" value=\"wpcf7-f6069-o1\" \/>\n<input type=\"hidden\" name=\"_wpcf7_container_post\" value=\"0\" \/>\n<input type=\"hidden\" name=\"_wpcf7_posted_data_hash\" value=\"\" \/>\n<input type=\"hidden\" name=\"lang\" value=\"ge\" \/>\n<\/div>\n<p><label> \u10e1\u10d0\u10ee\u10d4\u10da\u10d8 \u10d2\u10d5\u10d0\u10e0\u10d8 (*)<br \/>\n<span class=\"wpcf7-form-control-wrap\" data-name=\"your-name\"><input size=\"40\" class=\"wpcf7-form-control wpcf7-text wpcf7-validates-as-required\" autocomplete=\"name\" aria-required=\"true\" aria-invalid=\"false\" value=\"\" type=\"text\" name=\"your-name\" \/><\/span> <\/label>\n<\/p>\n<p><label> \u10d4\u10da\u10e4\u10dd\u10e1\u10e2\u10d0 (*)<br \/>\n<span class=\"wpcf7-form-control-wrap\" data-name=\"your-email\"><input size=\"40\" class=\"wpcf7-form-control wpcf7-text wpcf7-email wpcf7-validates-as-required wpcf7-validates-as-email\" autocomplete=\"email\" aria-required=\"true\" aria-invalid=\"false\" value=\"\" type=\"email\" name=\"your-email\" \/><\/span> <\/label>\n<\/p>\n<p><label> \u10e2\u10d4\u10da\u10d4\u10e4\u10dd\u10dc\u10d8 (*)<br \/>\n<span class=\"wpcf7-form-control-wrap\" data-name=\"your-tel\"><input size=\"40\" class=\"wpcf7-form-control wpcf7-text wpcf7-validates-as-required\" aria-required=\"true\" aria-invalid=\"false\" value=\"\" type=\"text\" name=\"your-tel\" \/><\/span> <\/label>\n<\/p>\n<p><label> \u10e8\u10d4\u10e2\u10e7\u10dd\u10d1\u10d8\u10dc\u10d4\u10d1\u10d0<br \/>\n<span class=\"wpcf7-form-control-wrap\" data-name=\"your-message\"><textarea cols=\"40\" rows=\"10\" class=\"wpcf7-form-control wpcf7-textarea\" aria-invalid=\"false\" name=\"your-message\"><\/textarea><\/span> <\/label>\n<\/p>\n<p><input class=\"wpcf7-form-control has-spinner wpcf7-submit\" type=\"submit\" value=\"\u10d2\u10d0\u10d2\u10d6\u10d0\u10d5\u10dc\u10d0\" \/>\n<\/p><div class=\"wpcf7-response-output\" aria-hidden=\"true\"><\/div><\/form><\/div>[\/vc_column][\/vc_row]<\/p>\n<\/section>","protected":false},"excerpt":{"rendered":"<p>[vc_row][vc_column width=&#8221;1\/2&#8243;][vc_text_separator title=&#8221;\u1ca1\u10d0\u10d9\u10dd\u10dc\u10e2\u10d0\u10e5\u10e2\u10dd \u10d8\u10dc\u10e4\u10dd\u10e0\u10db\u10d0\u10ea\u10d8\u10d0&#8221; color=&#8221;blue&#8221;][vc_column_text]\u0130zmir:Mersinli Mh. 1201\/1 Sk. Su Plaza No:2 \/7 Konak &#8211; \u0130ZM\u0130R &#8211; T\u00dcRK\u0130YE Georgia: N4 a, fl.2, N5, Police I Lane Samgori, 0120 Tblisi, GEORGIA \u10e2\u10d4\u10da\u10d4\u10e4\u10dd\u10dc\u10d8: +90 534 665 63 52 \u10d4\u10da.\u10e4\u10dd\u10e1\u10e2\u10d0: info@egecetransport.com[\/vc_column_text][vc_text_separator title=&#8221;\u1ca0\u10dd\u10d2\u10dd\u10e0 \u10ec\u10d0\u10d5\u10d8\u10d3\u10d4?&#8221; color=&#8221;blue&#8221;][vc_gmaps link=&#8221;#E-8_JTNDaWZyYW1lJTIwc3JjJTNEJTIyaHR0cHMlM0ElMkYlMkZ3d3cuZ29vZ2xlLmNvbSUyRm1hcHMlMkZlbWJlZCUzRnBiJTNEJTIxMW0xOCUyMTFtMTIlMjExbTMlMjExZDMxMjQuNDk0Mjg4ODA2ODEzNSUyMTJkMjcuMTk1MTc1NzE1NjE4MTglMjEzZDM4LjQ1MzE0ODQ3OTY0MTYyJTIxMm0zJTIxMWYwJTIxMmYwJTIxM2YwJTIxM20yJTIxMWkxMDI0JTIxMmk3NjglMjE0ZjEzLjElMjEzbTMlMjExbTIlMjExczB4MTRiOTYyY2E5YTRkMzg3YiUyNTNBMHg1ZDBhN2M4OGQ5Y2IwODdlJTIxMnNMb2JpUGFybGFzJTI1MjBSZXNpZGVuY2UlMjUyNk9mZmljZSUyMTVlMCUyMTNtMiUyMTFzdHIlMjEyc3RyJTIxNHYxNjcyNDM3NDIzODY2JTIxNW0yJTIxMXN0ciUyMTJzdHIlMjIlMjB3aWR0aCUzRCUyMjYwMCUyMiUyMGhlaWdodCUzRCUyMjQ1MCUyMiUyMHN0eWxlJTNEJTIyYm9yZGVyJTNBMCUzQiUyMiUyMGFsbG93ZnVsbHNjcmVlbiUzRCUyMiUyMiUyMGxvYWRpbmclM0QlMjJsYXp5JTIyJTIwcmVmZXJyZXJwb2xpY3klM0QlMjJuby1yZWZlcnJlci13aGVuLWRvd25ncmFkZSUyMiUzRSUzQyUyRmlmcmFtZSUzRQ==&#8221;][\/vc_column][vc_column width=&#8221;1\/2&#8243;][vc_text_separator title=&#8221;\u10e1\u10d0\u10d9\u10dd\u10dc\u10e2\u10d0\u10e5\u10e2\u10dd \u10e4\u10dd\u10e0\u10db\u10d0&#8221; color=&#8221;blue&#8221;][\/vc_column][\/vc_row]<\/p>\n","protected":false},"author":1,"featured_media":0,"parent":0,"menu_order":0,"comment_status":"closed","ping_status":"closed","template":"","meta":[],"yoast_head":"<!-- This site is optimized with the Yoast SEO plugin v19.13 - https:\/\/yoast.com\/wordpress\/plugins\/seo\/ -->\n<title>\u1c99\u10dd\u10db\u10e3\u10dc\u10d8\u10d9\u10d0\u10ea\u10d8\u10d0 - Egece Transport<\/title>\n<meta name=\"robots\" content=\"index, follow, max-snippet:-1, max-image-preview:large, max-video-preview:-1\" \/>\n<link rel=\"canonical\" href=\"https:\/\/egecetransport.com\/ge\/iletisim\/\" \/>\n<meta property=\"og:locale\" content=\"ka_GE\" \/>\n<meta property=\"og:type\" content=\"article\" \/>\n<meta property=\"og:title\" content=\"\u1c99\u10dd\u10db\u10e3\u10dc\u10d8\u10d9\u10d0\u10ea\u10d8\u10d0\" \/>\n<meta property=\"og:description\" content=\"[vc_row][vc_column width=&#8221;1\/2&#8243;][vc_text_separator title=&#8221;\u1ca1\u10d0\u10d9\u10dd\u10dc\u10e2\u10d0\u10e5\u10e2\u10dd \u10d8\u10dc\u10e4\u10dd\u10e0\u10db\u10d0\u10ea\u10d8\u10d0&#8221; color=&#8221;blue&#8221;][vc_column_text]\u0130zmir:Mersinli Mh. 1201\/1 Sk. Su Plaza No:2 \/7 Konak &#8211; \u0130ZM\u0130R &#8211; T\u00dcRK\u0130YE Georgia: N4 a, fl.2, N5, Police I Lane Samgori, 0120 Tblisi, GEORGIA \u10e2\u10d4\u10da\u10d4\u10e4\u10dd\u10dc\u10d8: +90 534 665 63 52 \u10d4\u10da.\u10e4\u10dd\u10e1\u10e2\u10d0: info@egecetransport.com[\/vc_column_text][vc_text_separator title=&#8221;\u1ca0\u10dd\u10d2\u10dd\u10e0 \u10ec\u10d0\u10d5\u10d8\u10d3\u10d4?&#8221; color=&#8221;blue&#8221;][vc_gmaps link=&#8221;#E-8_JTNDaWZyYW1lJTIwc3JjJTNEJTIyaHR0cHMlM0ElMkYlMkZ3d3cuZ29vZ2xlLmNvbSUyRm1hcHMlMkZlbWJlZCUzRnBiJTNEJTIxMW0xOCUyMTFtMTIlMjExbTMlMjExZDMxMjQuNDk0Mjg4ODA2ODEzNSUyMTJkMjcuMTk1MTc1NzE1NjE4MTglMjEzZDM4LjQ1MzE0ODQ3OTY0MTYyJTIxMm0zJTIxMWYwJTIxMmYwJTIxM2YwJTIxM20yJTIxMWkxMDI0JTIxMmk3NjglMjE0ZjEzLjElMjEzbTMlMjExbTIlMjExczB4MTRiOTYyY2E5YTRkMzg3YiUyNTNBMHg1ZDBhN2M4OGQ5Y2IwODdlJTIxMnNMb2JpUGFybGFzJTI1MjBSZXNpZGVuY2UlMjUyNk9mZmljZSUyMTVlMCUyMTNtMiUyMTFzdHIlMjEyc3RyJTIxNHYxNjcyNDM3NDIzODY2JTIxNW0yJTIxMXN0ciUyMTJzdHIlMjIlMjB3aWR0aCUzRCUyMjYwMCUyMiUyMGhlaWdodCUzRCUyMjQ1MCUyMiUyMHN0eWxlJTNEJTIyYm9yZGVyJTNBMCUzQiUyMiUyMGFsbG93ZnVsbHNjcmVlbiUzRCUyMiUyMiUyMGxvYWRpbmclM0QlMjJsYXp5JTIyJTIwcmVmZXJyZXJwb2xpY3klM0QlMjJuby1yZWZlcnJlci13aGVuLWRvd25ncmFkZSUyMiUzRSUzQyUyRmlmcmFtZSUzRQ==&#8221;][\/vc_column][vc_column width=&#8221;1\/2&#8243;][vc_text_separator title=&#8221;\u10e1\u10d0\u10d9\u10dd\u10dc\u10e2\u10d0\u10e5\u10e2\u10dd \u10e4\u10dd\u10e0\u10db\u10d0&#8221; color=&#8221;blue&#8221;][\/vc_column][\/vc_row]\" \/>\n<meta property=\"og:url\" content=\"https:\/\/egecetransport.com\/ge\/iletisim\/\" \/>\n<meta property=\"og:site_name\" content=\"Egece Transport\" \/>\n<meta property=\"article:modified_time\" content=\"2024-12-07T20:06:51+00:00\" \/>\n<meta name=\"twitter:card\" content=\"summary_large_image\" \/>\n<meta name=\"twitter:label1\" content=\"Est. reading time\" \/>\n\t<meta name=\"twitter:data1\" content=\"1 \u10ec\u10e3\u10d7\u10d8\" \/>\n<script type=\"application\/ld+json\" class=\"yoast-schema-graph\">{\"@context\":\"https:\/\/schema.org\",\"@graph\":[{\"@type\":\"WebPage\",\"@id\":\"https:\/\/egecetransport.com\/ge\/iletisim\/\",\"url\":\"https:\/\/egecetransport.com\/ge\/iletisim\/\",\"name\":\"[:tr]\u0130leti\u015fim[:en]Contact[:ru]\u041a\u043e\u043c\u043c\u0443\u043d\u0438\u043a\u0430\u0446\u0438\u044f[:ge]\u1c99\u10dd\u10db\u10e3\u10dc\u10d8\u10d9\u10d0\u10ea\u10d8\u10d0[:] - Egece Transport\",\"isPartOf\":{\"@id\":\"https:\/\/egecetransport.com\/#website\"},\"datePublished\":\"2022-12-30T22:06:50+00:00\",\"dateModified\":\"2024-12-07T20:06:51+00:00\",\"breadcrumb\":{\"@id\":\"https:\/\/egecetransport.com\/ge\/iletisim\/#breadcrumb\"},\"inLanguage\":\"ka-GE\",\"potentialAction\":[{\"@type\":\"ReadAction\",\"target\":[\"https:\/\/egecetransport.com\/ge\/iletisim\/\"]}]},{\"@type\":\"BreadcrumbList\",\"@id\":\"https:\/\/egecetransport.com\/ge\/iletisim\/#breadcrumb\",\"itemListElement\":[{\"@type\":\"ListItem\",\"position\":1,\"name\":\"Anasayfa\",\"item\":\"https:\/\/egecetransport.com\/\"},{\"@type\":\"ListItem\",\"position\":2,\"name\":\"\u1c99\u10dd\u10db\u10e3\u10dc\u10d8\u10d9\u10d0\u10ea\u10d8\u10d0\"}]},{\"@type\":\"WebSite\",\"@id\":\"https:\/\/egecetransport.com\/#website\",\"url\":\"https:\/\/egecetransport.com\/\",\"name\":\"www.egecetransport.com\",\"description\":\"Uluslararas\u0131 Kara - Hava ve Deniz Ta\u015f\u0131mac\u0131l\u0131\u011f\u0131\",\"publisher\":{\"@id\":\"https:\/\/egecetransport.com\/#organization\"},\"potentialAction\":[{\"@type\":\"SearchAction\",\"target\":{\"@type\":\"EntryPoint\",\"urlTemplate\":\"https:\/\/egecetransport.com\/?s={search_term_string}\"},\"query-input\":\"required name=search_term_string\"}],\"inLanguage\":\"ka-GE\"},{\"@type\":\"Organization\",\"@id\":\"https:\/\/egecetransport.com\/#organization\",\"name\":\"www.egecetransport.com\",\"url\":\"https:\/\/egecetransport.com\/\",\"logo\":{\"@type\":\"ImageObject\",\"inLanguage\":\"ka-GE\",\"@id\":\"https:\/\/egecetransport.com\/#\/schema\/logo\/image\/\",\"url\":\"https:\/\/egecetransport.com\/wp-content\/uploads\/2022\/12\/egece-kurumsal-logo-head.png\",\"contentUrl\":\"https:\/\/egecetransport.com\/wp-content\/uploads\/2022\/12\/egece-kurumsal-logo-head.png\",\"width\":270,\"height\":70,\"caption\":\"www.egecetransport.com\"},\"image\":{\"@id\":\"https:\/\/egecetransport.com\/#\/schema\/logo\/image\/\"}}]}<\/script>\n<!-- \/ Yoast SEO plugin. -->","yoast_head_json":{"title":"\u1c99\u10dd\u10db\u10e3\u10dc\u10d8\u10d9\u10d0\u10ea\u10d8\u10d0 - Egece Transport","robots":{"index":"index","follow":"follow","max-snippet":"max-snippet:-1","max-image-preview":"max-image-preview:large","max-video-preview":"max-video-preview:-1"},"canonical":"https:\/\/egecetransport.com\/ge\/iletisim\/","og_locale":"ka_GE","og_type":"article","og_title":"[:tr]\u0130leti\u015fim[:en]Contact[:ru]\u041a\u043e\u043c\u043c\u0443\u043d\u0438\u043a\u0430\u0446\u0438\u044f[:ge]\u1c99\u10dd\u10db\u10e3\u10dc\u10d8\u10d9\u10d0\u10ea\u10d8\u10d0[:] - Egece Transport","og_description":"[vc_row][vc_column width=&#8221;1\/2&#8243;][vc_text_separator title=&#8221;\u1ca1\u10d0\u10d9\u10dd\u10dc\u10e2\u10d0\u10e5\u10e2\u10dd \u10d8\u10dc\u10e4\u10dd\u10e0\u10db\u10d0\u10ea\u10d8\u10d0&#8221; color=&#8221;blue&#8221;][vc_column_text]\u0130zmir:Mersinli Mh. 1201\/1 Sk. Su Plaza No:2 \/7 Konak &#8211; \u0130ZM\u0130R &#8211; T\u00dcRK\u0130YE Georgia: N4 a, fl.2, N5, Police I Lane Samgori, 0120 Tblisi, GEORGIA \u10e2\u10d4\u10da\u10d4\u10e4\u10dd\u10dc\u10d8: +90 534 665 63 52 \u10d4\u10da.\u10e4\u10dd\u10e1\u10e2\u10d0: info@egecetransport.com[\/vc_column_text][vc_text_separator title=&#8221;\u1ca0\u10dd\u10d2\u10dd\u10e0 \u10ec\u10d0\u10d5\u10d8\u10d3\u10d4?&#8221; color=&#8221;blue&#8221;][vc_gmaps link=&#8221;#E-8_JTNDaWZyYW1lJTIwc3JjJTNEJTIyaHR0cHMlM0ElMkYlMkZ3d3cuZ29vZ2xlLmNvbSUyRm1hcHMlMkZlbWJlZCUzRnBiJTNEJTIxMW0xOCUyMTFtMTIlMjExbTMlMjExZDMxMjQuNDk0Mjg4ODA2ODEzNSUyMTJkMjcuMTk1MTc1NzE1NjE4MTglMjEzZDM4LjQ1MzE0ODQ3OTY0MTYyJTIxMm0zJTIxMWYwJTIxMmYwJTIxM2YwJTIxM20yJTIxMWkxMDI0JTIxMmk3NjglMjE0ZjEzLjElMjEzbTMlMjExbTIlMjExczB4MTRiOTYyY2E5YTRkMzg3YiUyNTNBMHg1ZDBhN2M4OGQ5Y2IwODdlJTIxMnNMb2JpUGFybGFzJTI1MjBSZXNpZGVuY2UlMjUyNk9mZmljZSUyMTVlMCUyMTNtMiUyMTFzdHIlMjEyc3RyJTIxNHYxNjcyNDM3NDIzODY2JTIxNW0yJTIxMXN0ciUyMTJzdHIlMjIlMjB3aWR0aCUzRCUyMjYwMCUyMiUyMGhlaWdodCUzRCUyMjQ1MCUyMiUyMHN0eWxlJTNEJTIyYm9yZGVyJTNBMCUzQiUyMiUyMGFsbG93ZnVsbHNjcmVlbiUzRCUyMiUyMiUyMGxvYWRpbmclM0QlMjJsYXp5JTIyJTIwcmVmZXJyZXJwb2xpY3klM0QlMjJuby1yZWZlcnJlci13aGVuLWRvd25ncmFkZSUyMiUzRSUzQyUyRmlmcmFtZSUzRQ==&#8221;][\/vc_column][vc_column width=&#8221;1\/2&#8243;][vc_text_separator title=&#8221;\u10e1\u10d0\u10d9\u10dd\u10dc\u10e2\u10d0\u10e5\u10e2\u10dd \u10e4\u10dd\u10e0\u10db\u10d0&#8221; color=&#8221;blue&#8221;][\/vc_column][\/vc_row]","og_url":"https:\/\/egecetransport.com\/ge\/iletisim\/","og_site_name":"Egece Transport","article_modified_time":"2024-12-07T20:06:51+00:00","twitter_card":"summary_large_image","twitter_misc":{"Est. reading time":"1 \u10ec\u10e3\u10d7\u10d8"},"schema":{"@context":"https:\/\/schema.org","@graph":[{"@type":"WebPage","@id":"https:\/\/egecetransport.com\/ge\/iletisim\/","url":"https:\/\/egecetransport.com\/ge\/iletisim\/","name":"[:tr]\u0130leti\u015fim[:en]Contact[:ru]\u041a\u043e\u043c\u043c\u0443\u043d\u0438\u043a\u0430\u0446\u0438\u044f[:ge]\u1c99\u10dd\u10db\u10e3\u10dc\u10d8\u10d9\u10d0\u10ea\u10d8\u10d0[:] - Egece Transport","isPartOf":{"@id":"https:\/\/egecetransport.com\/#website"},"datePublished":"2022-12-30T22:06:50+00:00","dateModified":"2024-12-07T20:06:51+00:00","breadcrumb":{"@id":"https:\/\/egecetransport.com\/ge\/iletisim\/#breadcrumb"},"inLanguage":"ka-GE","potentialAction":[{"@type":"ReadAction","target":["https:\/\/egecetransport.com\/ge\/iletisim\/"]}]},{"@type":"BreadcrumbList","@id":"https:\/\/egecetransport.com\/ge\/iletisim\/#breadcrumb","itemListElement":[{"@type":"ListItem","position":1,"name":"Anasayfa","item":"https:\/\/egecetransport.com\/"},{"@type":"ListItem","position":2,"name":"\u1c99\u10dd\u10db\u10e3\u10dc\u10d8\u10d9\u10d0\u10ea\u10d8\u10d0"}]},{"@type":"WebSite","@id":"https:\/\/egecetransport.com\/#website","url":"https:\/\/egecetransport.com\/","name":"www.egecetransport.com","description":"Uluslararas\u0131 Kara - Hava ve Deniz Ta\u015f\u0131mac\u0131l\u0131\u011f\u0131","publisher":{"@id":"https:\/\/egecetransport.com\/#organization"},"potentialAction":[{"@type":"SearchAction","target":{"@type":"EntryPoint","urlTemplate":"https:\/\/egecetransport.com\/?s={search_term_string}"},"query-input":"required name=search_term_string"}],"inLanguage":"ka-GE"},{"@type":"Organization","@id":"https:\/\/egecetransport.com\/#organization","name":"www.egecetransport.com","url":"https:\/\/egecetransport.com\/","logo":{"@type":"ImageObject","inLanguage":"ka-GE","@id":"https:\/\/egecetransport.com\/#\/schema\/logo\/image\/","url":"https:\/\/egecetransport.com\/wp-content\/uploads\/2022\/12\/egece-kurumsal-logo-head.png","contentUrl":"https:\/\/egecetransport.com\/wp-content\/uploads\/2022\/12\/egece-kurumsal-logo-head.png","width":270,"height":70,"caption":"www.egecetransport.com"},"image":{"@id":"https:\/\/egecetransport.com\/#\/schema\/logo\/image\/"}}]}},"_links":{"self":[{"href":"https:\/\/egecetransport.com\/ge\/wp-json\/wp\/v2\/pages\/5943"}],"collection":[{"href":"https:\/\/egecetransport.com\/ge\/wp-json\/wp\/v2\/pages"}],"about":[{"href":"https:\/\/egecetransport.com\/ge\/wp-json\/wp\/v2\/types\/page"}],"author":[{"embeddable":true,"href":"https:\/\/egecetransport.com\/ge\/wp-json\/wp\/v2\/users\/1"}],"replies":[{"embeddable":true,"href":"https:\/\/egecetransport.com\/ge\/wp-json\/wp\/v2\/comments?post=5943"}],"version-history":[{"count":11,"href":"https:\/\/egecetransport.com\/ge\/wp-json\/wp\/v2\/pages\/5943\/revisions"}],"predecessor-version":[{"id":6186,"href":"https:\/\/egecetransport.com\/ge\/wp-json\/wp\/v2\/pages\/5943\/revisions\/6186"}],"wp:attachment":[{"href":"https:\/\/egecetransport.com\/ge\/wp-json\/wp\/v2\/media?parent=5943"}],"curies":[{"name":"wp","href":"https:\/\/api.w.org\/{rel}","templated":true}]}}