{"id":1085,"date":"2014-07-18T10:29:34","date_gmt":"2014-07-18T10:29:34","guid":{"rendered":"http:\/\/apicona-data.thememount.com\/?page_id=4"},"modified":"2023-02-03T20:45:05","modified_gmt":"2023-02-03T20:45:05","slug":"front-page","status":"publish","type":"page","link":"https:\/\/egecetransport.com\/ge\/","title":{"rendered":"\u10db\u10d7\u10d0\u10d5\u10d0\u10e0\u10d8 \u10d2\u10d5\u10d4\u10e0\u10d3\u10d8"},"content":{"rendered":"<section class=\"wpb-content-wrapper\"><p>[vc_row css=&#8221;.vc_custom_1433739604302{padding-bottom: 50px !important;}&#8221;][vc_column][vc_text_separator title=&#8221;\u1ca9\u10d5\u10d4\u10dc\u10d8 \u10e1\u10d4\u10e0\u10d5\u10d8\u10e1\u10d4\u10d1\u10d8&#8221; color=&#8221;blue&#8221;][\/vc_column][vc_column width=&#8221;1\/3&#8243;][vc_single_image image=&#8221;6109&#8243; img_size=&#8221;full&#8221; alignment=&#8221;center&#8221; style=&#8221;vc_box_outline&#8221; border_color=&#8221;sky&#8221; css_animation=&#8221;bounceInLeft&#8221;][vc_column_text css_animation=&#8221;bounceInLeft&#8221;]<\/p>\n<p style=\"text-align: left;\"><span style=\"color: #000000;\"><strong>\u10d2\u10d6\u10d0\u10e2\u10d9\u10d4\u10ea\u10d8\u10da\u10d8 \u10e2\u10e0\u10d0\u10dc\u10e1\u10de\u10dd\u10e0\u10e2\u10d8<\/strong><\/span><\/p>\n<p><span style=\"color: #000000;\">\u10e9\u10d5\u10d4\u10dc \u10d2\u10d7\u10d0\u10d5\u10d0\u10d6\u10dd\u10d1\u10d7 \u10e3\u10e1\u10d0\u10e4\u10e0\u10d7\u10ee\u10dd, \u10e8\u10d4\u10e3\u10e4\u10d4\u10e0\u10ee\u10d4\u10d1\u10da\u10d0\u10d3 \u10d3\u10d0 \u10d3\u10e0\u10dd\u10e3\u10da\u10d0\u10d3 \u10db\u10d8\u10ec\u10dd\u10d3\u10d4\u10d1\u10d0\u10e1 \u10e1\u10d0\u10d2\u10d6\u10d0\u10dd \u10e2\u10e0\u10d0\u10dc\u10e1\u10de\u10dd\u10e0\u10e2\u10d8\u10e1 \u10d4\u10e5\u10e1\u10de\u10d4\u10e0\u10e2\u10d4\u10d1\u10d8\u10e1 \u10d2\u10e3\u10dc\u10d3\u10d7\u10d0\u10dc \u10d4\u10e0\u10d7\u10d0\u10d3. \u10e9\u10d5\u10d4\u10dc\u10d8 \u10d4\u10e5\u10e1\u10de\u10d4\u10e0\u10e2\u10d4\u10d1\u10d8\u10e1 \u10d2\u10e3\u10dc\u10d3\u10d8\u10d7 \u10d3\u10d0 \u10dd\u10dc\u10da\u10d0\u10d8\u10dc \u10d7\u10d5\u10d0\u10da\u10d7\u10d5\u10d0\u10da\u10d8\u10e1 \u10e2\u10d4\u10e5\u10dc\u10dd\u10da\u10dd\u10d2\u10d8\u10d8\u10d7, \u10d0\u10e0 \u10d8\u10dc\u10d4\u10e0\u10d5\u10d8\u10e3\u10da\u10dd\u10d7.<\/span>[\/vc_column_text][vc_btn title=&#8221;\u1c9b\u10d4\u10e2\u10d8 \u10d8\u10dc\u10e4\u10dd\u10e0\u10db\u10d0\u10ea\u10d8\u10d0&#8221; style=&#8221;outline&#8221; color=&#8221;sky&#8221; size=&#8221;xs&#8221; align=&#8221;center&#8221; i_icon_fontawesome=&#8221;fas fa-truck-moving&#8221; button_block=&#8221;true&#8221; add_icon=&#8221;true&#8221; link=&#8221;url:https%3A%2F%2Fegecetransport.com%2Fge%2Fkarayolu-tasimaciligi%2F&#8221;][\/vc_column][vc_column width=&#8221;1\/3&#8243;][vc_single_image image=&#8221;6110&#8243; img_size=&#8221;full&#8221; alignment=&#8221;center&#8221; style=&#8221;vc_box_outline&#8221; border_color=&#8221;sky&#8221; css_animation=&#8221;bounceInUp&#8221;][vc_column_text css_animation=&#8221;bounceInUp&#8221;]<\/p>\n<p style=\"text-align: left;\"><span style=\"color: #000000;\"><strong>\u10e1\u10d0\u10f0\u10d0\u10d4\u10e0\u10dd \u10d2\u10d6\u10d4\u10d1\u10d8\u10e1 \u10e2\u10e0\u10d0\u10dc\u10e1\u10de\u10dd\u10e0\u10e2\u10d8\u10e0\u10d4\u10d1\u10d0<\/strong><\/span><\/p>\n<p><span style=\"color: #000000;\">\u10e9\u10d5\u10d4\u10dc\u10d8 \u10d1\u10e0\u10d4\u10dc\u10d3\u10d8, \u10e0\u10dd\u10db\u10d4\u10da\u10d8\u10ea \u10db\u10d8\u10d6\u10dc\u10d0\u10d3 \u10d8\u10e1\u10d0\u10ee\u10d0\u10d5\u10e1 \u10d4\u10d9\u10dd\u10dc\u10dd\u10db\u10d8\u10e3\u10e0\u10d8 \u10d2\u10d0\u10d3\u10d0\u10ec\u10e7\u10d5\u10d4\u10e2\u10d8\u10da\u10d4\u10d1\u10d4\u10d1\u10d8\u10e1 \u10db\u10d8\u10ec\u10dd\u10d3\u10d4\u10d1\u10d0\u10e1 \u10e1\u10d0\u10f0\u10d0\u10d4\u10e0\u10dd \u10d2\u10d0\u10d3\u10d0\u10d6\u10d8\u10d3\u10d5\u10d4\u10d1\u10e8\u10d8, \u10db\u10e3\u10e8\u10d0\u10dd\u10d1\u10e1 \u10da\u10dd\u10ef\u10d8\u10e1\u10e2\u10d8\u10d9\u10d8\u10e1 \u10e7\u10d5\u10d4\u10da\u10d0 \u10e1\u10e4\u10d4\u10e0\u10dd\u10e8\u10d8, \u10e0\u10d0\u10d7\u10d0 \u10e3\u10d6\u10e0\u10e3\u10dc\u10d5\u10d4\u10da\u10e7\u10dd\u10e1 \u10d7\u10e5\u10d5\u10d4\u10dc\u10d8 \u10da\u10dd\u10d2\u10d8\u10e1\u10e2\u10d8\u10d9\u10e3\u10e0\u10d8 \u10e1\u10d4\u10e0\u10d5\u10d8\u10e1\u10d8\u10e1 \u10d3\u10d0\u10e1\u10e0\u10e3\u10da\u10d4\u10d1\u10d0 \u10e0\u10d0\u10ea \u10e8\u10d4\u10d8\u10eb\u10da\u10d4\u10d1\u10d0 \u10e1\u10ec\u10e0\u10d0\u10e4\u10d0\u10d3.<\/span>[\/vc_column_text][vc_btn title=&#8221;\u1c9b\u10d4\u10e2\u10d8 \u10d8\u10dc\u10e4\u10dd\u10e0\u10db\u10d0\u10ea\u10d8\u10d0&#8221; style=&#8221;outline&#8221; color=&#8221;sky&#8221; size=&#8221;xs&#8221; align=&#8221;center&#8221; i_icon_fontawesome=&#8221;fas fa-plane&#8221; button_block=&#8221;true&#8221; add_icon=&#8221;true&#8221; link=&#8221;url:https%3A%2F%2Fegecetransport.com%2Fge%2Fhavayolu-tasimaciligi%2F&#8221;][\/vc_column][vc_column width=&#8221;1\/3&#8243;][vc_single_image image=&#8221;6111&#8243; img_size=&#8221;full&#8221; alignment=&#8221;center&#8221; style=&#8221;vc_box_outline&#8221; border_color=&#8221;sky&#8221; css_animation=&#8221;bounceInRight&#8221;][vc_column_text css_animation=&#8221;bounceInRight&#8221;]<\/p>\n<p style=\"text-align: left;\"><span style=\"color: #000000;\"><strong>\u10e1\u10d0\u10d6\u10e6\u10d5\u10d0\u10dd \u10e2\u10e0\u10d0\u10dc\u10e1\u10de\u10dd\u10e0\u10e2\u10d8<\/strong><\/span><\/p>\n<p><span style=\"color: #000000;\">\u10d8\u10db \u10d9\u10dd\u10db\u10de\u10d0\u10dc\u10d8\u10d4\u10d1\u10d8\u10e1 \u10db\u10d8\u10e1\u10d0\u10db\u10d0\u10e0\u10d7\u10d8, \u10e0\u10dd\u10db\u10da\u10d4\u10d1\u10d8\u10ea \u10e3\u10de\u10d8\u10e0\u10d0\u10e2\u10d4\u10e1\u10dd\u10d1\u10d0\u10e1 \u10d0\u10dc\u10d8\u10ed\u10d4\u10d1\u10d4\u10dc \u10e1\u10d0\u10d6\u10e6\u10d5\u10d0\u10dd \u10e2\u10e0\u10d0\u10dc\u10e1\u10de\u10dd\u10e0\u10e2\u10e1, \u10d0\u10e0\u10d8\u10e1 \u10d4\u10d2\u10d4\u10ea\u10d4 \u10e2\u10e0\u10d0\u10dc\u10e1\u10de\u10dd\u10e0\u10e2\u10d8. \u10e3\u10de\u10e0\u10dd\u10d1\u10da\u10d4\u10db\u10dd, \u10d3\u10e0\u10dd\u10e3\u10da\u10d8 \u10d3\u10d0 \u10e3\u10e1\u10d0\u10e4\u10e0\u10d7\u10ee\u10dd \u10e2\u10e0\u10d0\u10dc\u10e1\u10de\u10dd\u10e0\u10e2\u10d8\u10e0\u10d4\u10d1\u10d0 \u10e1\u10d0\u10d6\u10e6\u10d5\u10d0\u10dd \u10d2\u10d0\u10d3\u10d0\u10d6\u10d8\u10d3\u10d5\u10d4\u10d1\u10e8\u10d8 \u10de\u10e0\u10dd\u10e4\u10d4\u10e1\u10d8\u10dd\u10dc\u10d0\u10da\u10e3\u10e0\u10d8 \u10d7\u10d0\u10dc\u10d0\u10db\u10e8\u10e0\u10dd\u10db\u10da\u10dd\u10d1\u10d8\u10d7.<\/span>[\/vc_column_text][vc_btn title=&#8221;\u1c9b\u10d4\u10e2\u10d8 \u10d8\u10dc\u10e4\u10dd\u10e0\u10db\u10d0\u10ea\u10d8\u10d0&#8221; style=&#8221;outline&#8221; color=&#8221;sky&#8221; size=&#8221;xs&#8221; align=&#8221;center&#8221; i_icon_fontawesome=&#8221;fas fa-ship&#8221; button_block=&#8221;true&#8221; add_icon=&#8221;true&#8221; link=&#8221;url:https%3A%2F%2Fegecetransport.com%2Fge%2Fdenizyolu-tasimaciligi%2F&#8221;][\/vc_column][\/vc_row][vc_row full_width=&#8221;stretch_row_content_no_spaces&#8221; bgtype=&#8221;dark&#8221; css=&#8221;.vc_custom_1672443932201{padding-bottom: 65px !important;background-image: url(https:\/\/egecetransport.com\/wp-content\/uploads\/2022\/12\/7a.jpg?id=5971) !important;background-position: center !important;background-repeat: no-repeat !important;background-size: cover !important;}&#8221;][vc_column][vc_column_text]<\/p>\n<h4 style=\"text-align: center;\"><span style=\"color: #ffffff;\">\u1ca0\u10d0\u10e2\u10dd\u10db \u10e9\u10d5\u10d4\u10dc?<\/span><\/h4>\n<h5 style=\"text-align: center;\"><span style=\"color: #ffffff;\">Egece Transport-\u10d8\u10e1 \u10d0\u10e0\u10e9\u10d4\u10d5\u10d8\u10e1 \u10e0\u10d0\u10db\u10d3\u10d4\u10dc\u10d8\u10db\u10d4 \u10db\u10d8\u10d6\u10d4\u10d6\u10d8 \u10da\u10dd\u10ef\u10d8\u10e1\u10e2\u10d8\u10d9\u10d8\u10e1 \u10e1\u10e4\u10d4\u10e0\u10dd\u10e8\u10d8;<\/span><\/h5>\n<p>[\/vc_column_text][\/vc_column][vc_column width=&#8221;1\/6&#8243;][vc_empty_space height=&#8221;1&#8243;][\/vc_column][vc_column width=&#8221;1\/6&#8243;][vc_single_image image=&#8221;5966&#8243; img_size=&#8221;full&#8221; alignment=&#8221;center&#8221;][vc_column_text]<\/p>\n<h5 style=\"text-align: center;\"><strong><span style=\"color: #ffffff;\">\u10d4\u10e5\u10e1\u10de\u10d4\u10e0\u10e2\u10d7\u10d0 \u10d2\u10e3\u10dc\u10d3\u10d8<\/span><\/strong><\/h5>\n<p>[\/vc_column_text][\/vc_column][vc_column width=&#8221;1\/6&#8243;][vc_single_image image=&#8221;5968&#8243; img_size=&#8221;full&#8221; alignment=&#8221;center&#8221;][vc_column_text]<\/p>\n<h5 style=\"text-align: center;\"><span style=\"color: #ffffff;\"><strong>\u10d3\u10e0\u10dd\u10e3\u10da\u10d0\u10d3 \u10db\u10d8\u10ec\u10dd\u10d3\u10d4\u10d1\u10d0<\/strong><\/span><\/h5>\n<p>[\/vc_column_text][\/vc_column][vc_column width=&#8221;1\/6&#8243;][vc_single_image image=&#8221;5967&#8243; img_size=&#8221;full&#8221; alignment=&#8221;center&#8221;][vc_column_text]<\/p>\n<h5 style=\"text-align: center;\"><span style=\"color: #ffffff;\">\u10eb\u10da\u10d8\u10d4\u10e0\u10d8 \u10d1\u10e0\u10d4\u10dc\u10d3\u10d4\u10d1\u10d8<\/span><\/h5>\n<p>[\/vc_column_text][\/vc_column][vc_column width=&#8221;1\/6&#8243;][vc_single_image image=&#8221;6078&#8243; img_size=&#8221;full&#8221; alignment=&#8221;center&#8221;][vc_column_text]<\/p>\n<h5 style=\"text-align: center;\"><span style=\"color: #ffffff;\"><strong>\u10dd\u10dc\u10da\u10d0\u10d8\u10dc \u10d7\u10d5\u10d0\u10da\u10d7\u10d5\u10d0\u10da\u10d8<\/strong><\/span><\/h5>\n<p>[\/vc_column_text][\/vc_column][vc_column width=&#8221;1\/6&#8243;][vc_empty_space height=&#8221;1&#8243;][\/vc_column][\/vc_row][vc_row full_width=&#8221;stretch_row&#8221;][vc_column width=&#8221;1\/2&#8243;][vc_column_text css_animation=&#8221;bounceInLeft&#8221;]<span style=\"color: #000000;\"><strong><img decoding=\"async\" loading=\"lazy\" class=\"alignnone wp-image-5986 \" src=\"https:\/\/egecetransport.com\/wp-content\/uploads\/2022\/12\/egece-kurumsal-logo-head.png\" alt=\"\" width=\"204\" height=\"53\" \/><br \/>\n<\/strong><\/span><\/p>\n<p><span style=\"color: #000000;\">Egece Transport\u00a0\u10d3\u10d0\u10e4\u10e3\u10eb\u10dc\u10d4\u10d1\u10e3\u10da\u10d8 \u10d8\u10d6\u10db\u10d8\u10e0\u10e8\u10d8 &#8211; \u10d7\u10e3\u10e0\u10e5\u10d4\u10d7\u10d8, \u10e0\u10dd\u10db\u10d4\u10da\u10d8\u10ea \u10db\u10d8\u10d6\u10dc\u10d0\u10d3 \u10d8\u10e1\u10d0\u10ee\u10d0\u10d5\u10e1 \u10d8\u10e7\u10dd\u10e1 \u10e1\u10d0\u10e2\u10e0\u10d0\u10dc\u10e1\u10de\u10dd\u10e0\u10e2\u10dd \u10e1\u10d4\u10e5\u10e2\u10dd\u10e0\u10d8\u10e1 \u10d0\u10ee\u10d0\u10da\u10d8 \u10d0\u10e6\u10db\u10d6\u10e0\u10d3\u10d4\u10da\u10d8, \u10d3\u10d0\u10d8\u10ec\u10e7\u10dd \u10d7\u10e5\u10d5\u10d4\u10dc\u10d7\u10d5\u10d8\u10e1 \u10db\u10e0\u10d0\u10d5\u10d0\u10da\u10ec\u10da\u10d8\u10d0\u10dc\u10d8 \u10d2\u10d0\u10db\u10dd\u10ea\u10d3\u10d8\u10da\u10d4\u10d1\u10d8\u10e1 \u10e8\u10d4\u10d7\u10d0\u10d5\u10d0\u10d6\u10d4\u10d1\u10d0 2022 \u10ec\u10d4\u10da\u10e1 \u10d7\u10d0\u10d5\u10d8\u10e1\u10d8 \u10d4\u10e5\u10e1\u10de\u10d4\u10e0\u10e2\u10d8 \u10de\u10d4\u10e0\u10e1\u10dd\u10dc\u10d0\u10da\u10d8\u10d7. \u10d7\u10e5\u10d5\u10d4\u10dc\u10d2\u10d0\u10dc \u10db\u10dd\u10d9\u10da\u10d4 \u10d3\u10e0\u10dd\u10e8\u10d8 \u10db\u10d8\u10e6\u10d4\u10d1\u10e3\u10da\u10d8 \u10db\u10ee\u10d0\u10e0\u10d3\u10d0\u10ed\u10d4\u10e0\u10d8\u10d7, \u10e9\u10d5\u10d4\u10dc \u10e7\u10dd\u10d5\u10d4\u10da\u10d3\u10e6\u10d8\u10e3\u10e0\u10d0\u10d3 \u10d5\u10d0\u10db\u10d0\u10e2\u10d4\u10d1\u10d7 \u10d0\u10ee\u10d0\u10da \u10d1\u10e0\u10d4\u10dc\u10d3\u10d4\u10d1\u10e1 \u10e9\u10d5\u10d4\u10dc\u10e1 \u10ea\u10dc\u10dd\u10d1\u10d0\u10e0\u10d4\u10d1\u10e1 \u10d3\u10e0\u10dd\u10e3\u10da\u10d8, \u10e3\u10e1\u10d0\u10e4\u10e0\u10d7\u10ee\u10dd \u10d3\u10d0 \u10e3\u10de\u10e0\u10dd\u10d1\u10da\u10d4\u10db\u10dd \u10e2\u10e0\u10d0\u10dc\u10e1\u10de\u10dd\u10e0\u10e2\u10d8\u10e0\u10d4\u10d1\u10d8\u10e1 \u10e1\u10d4\u10e0\u10d5\u10d8\u10e1\u10d8\u10d7.<\/span><\/p>\n<p><span style=\"color: #000000;\">\u10e9\u10d5\u10d4\u10dc\u10d8 \u10d9\u10dd\u10db\u10de\u10d0\u10dc\u10d8\u10d0, \u10e0\u10dd\u10db\u10d4\u10da\u10d8\u10ea \u10d2\u10da\u10dd\u10d1\u10d0\u10da\u10e3\u10e0 \u10db\u10ee\u10d0\u10e0\u10d3\u10d0\u10ed\u10d4\u10e0\u10d0\u10e1 \u10e3\u10ec\u10d4\u10d5\u10e1 \u10d1\u10e0\u10d4\u10dc\u10d3\u10d4\u10d1\u10e1 \u10da\u10dd\u10ef\u10d8\u10e1\u10e2\u10d8\u10d9\u10d8\u10e1 \u10e1\u10e4\u10d4\u10e0\u10dd\u10e8\u10d8, \u10d0\u10d8\u10e6\u10dd \u10e2\u10d4\u10e5\u10dc\u10dd\u10da\u10dd\u10d2\u10d8\u10d8\u10e1 \u10d2\u10d0\u10dc\u10d5\u10d8\u10d7\u10d0\u10e0\u10d4\u10d1\u10d8\u10e1 \u10eb\u10d0\u10da\u10d0, \u10e6\u10d8\u10d0\u10d0 \u10d8\u10dc\u10dd\u10d5\u10d0\u10ea\u10d8\u10d4\u10d1\u10d8\u10e1\u10d0 \u10d3\u10d0 \u10d2\u10d0\u10dc\u10d5\u10d8\u10d7\u10d0\u10e0\u10d4\u10d1\u10d8\u10e1\u10d7\u10d5\u10d8\u10e1 \u10d3\u10d0 \u10e7\u10dd\u10d5\u10d4\u10da\u10d7\u10d5\u10d8\u10e1 \u10d6\u10e0\u10e3\u10dc\u10d0\u10d5\u10e1, \u10e0\u10dd\u10db \u10d4\u10e0\u10d7\u10d8 \u10dc\u10d0\u10d1\u10d8\u10ef\u10d8\u10d7 \u10ec\u10d8\u10dc \u10d8\u10e7\u10dd. \u10e9\u10d5\u10d4\u10dc\u10d8 \u10d1\u10e0\u10d4\u10dc\u10d3\u10d8 \u10d0\u10d2\u10e0\u10eb\u10d4\u10da\u10d4\u10d1\u10e1 \u10ec\u10d5\u10da\u10d8\u10da\u10d8\u10e1 \u10e8\u10d4\u10e2\u10d0\u10dc\u10d0\u10e1 \u10d4\u10e0\u10dd\u10d5\u10dc\u10e3\u10da \u10d4\u10d9\u10dd\u10dc\u10dd\u10db\u10d8\u10d9\u10d0\u10e1\u10d0 \u10d3\u10d0 \u10e9\u10d5\u10d4\u10dc\u10e1 \u10d8\u10dc\u10d3\u10e3\u10e1\u10e2\u10e0\u10d8\u10d0\u10e8\u10d8 \u10e3\u10ea\u10ee\u10dd\u10d4\u10da\u10d8 \u10d8\u10dc\u10d5\u10d4\u10e1\u10e2\u10dd\u10e0\u10d4\u10d1\u10d8\u10e1 \u10dc\u10d3\u10dd\u10d1\u10d8\u10e1 \u10db\u10dd\u10de\u10dd\u10d5\u10d4\u10d1\u10d8\u10d7 \u10e9\u10d5\u10d4\u10dc\u10e1 \u10e5\u10d5\u10d4\u10e7\u10d0\u10dc\u10d0\u10e8\u10d8, \u10e0\u10dd\u10db\u10d4\u10da\u10d8\u10ea \u10ec\u10d0\u10e0\u10db\u10dd\u10d0\u10d3\u10d2\u10d4\u10dc\u10e1 \u10db\u10dc\u10d8\u10e8\u10d5\u10dc\u10d4\u10da\u10dd\u10d5\u10d0\u10dc \u10ee\u10d8\u10d3\u10d8 \u10d4\u10d5\u10e0\u10dd\u10de\u10d0\u10e1\u10d0 \u10d3\u10d0 \u10d0\u10d6\u10d8\u10d0\u10e1 \u10e8\u10dd\u10e0\u10d8\u10e1, \u10da\u10dd\u10ef\u10d8\u10e1\u10e2\u10d8\u10d9\u10d8\u10e1 \u10e1\u10e4\u10d4\u10e0\u10dd\u10e8\u10d8. <a href=\"\/ge\/hakkimizda\">\u10e9\u10d5\u10d4\u10dc\u10e1 \u10e8\u10d4\u10e1\u10d0\u10ee\u10d4\u10d1 >>><\/a><\/span>[\/vc_column_text][\/vc_column][vc_column width=&#8221;1\/2&#8243;][vc_single_image image=&#8221;6001&#8243; img_size=&#8221;full&#8221; css_animation=&#8221;bounceInRight&#8221;][\/vc_column][vc_column][vc_text_separator title=&#8221;\u10e9\u10d5\u10d4\u10dc \u10db\u10d7\u10d4\u10da \u10d4\u10d5\u10e0\u10dd\u10de\u10d0\u10e8\u10d8 \u10d5\u10d0\u10e0\u10d7&#8221; color=&#8221;blue&#8221; css_animation=&#8221;bounceInLeft&#8221;][\/vc_column][vc_column width=&#8221;1\/2&#8243;][vc_single_image image=&#8221;6015&#8243; img_size=&#8221;full&#8221; alignment=&#8221;center&#8221; css_animation=&#8221;bounceInLeft&#8221;][\/vc_column][vc_column width=&#8221;1\/2&#8243;][vc_single_image image=&#8221;6016&#8243; img_size=&#8221;full&#8221; alignment=&#8221;center&#8221; css_animation=&#8221;bounceInRight&#8221;][\/vc_column][\/vc_row][vc_row full_width=&#8221;stretch_row&#8221; bgtype=&#8221;skin&#8221; fullwidth=&#8221;&#8221; css=&#8221;.vc_custom_1436360997508{padding-top: 41px !important;padding-bottom: 35px !important;background-position: center !important;background-repeat: no-repeat !important;background-size: cover !important;}&#8221;][vc_column][vc_cta h2=&#8221;\u10da\u10dd\u10d2\u10d8\u10e1\u10e2\u10d8\u10d9\u10d8\u10e1 \u10db\u10dd\u10d7\u10ee\u10dd\u10d5\u10dc\u10d8\u10e1 \u10e4\u10dd\u10e0\u10db\u10d0&#8221; add_button=&#8221;right&#8221; btn_title=&#8221;\u10e4\u10dd\u10e0\u10db\u10d8\u10e1 \u10e8\u10d4\u10d5\u10e1\u10d4\u10d1\u10d0&#8221; btn_style=&#8221;flat&#8221; btn_align=&#8221;right&#8221; btn_i_align=&#8221;right&#8221; btn_i_icon_fontawesome=&#8221;fas fa-edit&#8221; btn_add_icon=&#8221;true&#8221; btn_link=&#8221;url:https%3A%2F%2Fegecetransport.com%2Fge%2Flojistik-talep-formu%2F&#8221;][\/vc_cta][\/vc_column][\/vc_row]<\/p>\n<\/section>","protected":false},"excerpt":{"rendered":"<p>[vc_row css=&#8221;.vc_custom_1433739604302{padding-bottom: 50px !important;}&#8221;][vc_column][vc_text_separator title=&#8221;\u1ca9\u10d5\u10d4\u10dc\u10d8 \u10e1\u10d4\u10e0\u10d5\u10d8\u10e1\u10d4\u10d1\u10d8&#8221; color=&#8221;blue&#8221;][\/vc_column][vc_column width=&#8221;1\/3&#8243;][vc_single_image image=&#8221;6109&#8243; img_size=&#8221;full&#8221; alignment=&#8221;center&#8221; style=&#8221;vc_box_outline&#8221; border_color=&#8221;sky&#8221; css_animation=&#8221;bounceInLeft&#8221;][vc_column_text css_animation=&#8221;bounceInLeft&#8221;] \u10d2\u10d6\u10d0\u10e2\u10d9\u10d4\u10ea\u10d8\u10da\u10d8 \u10e2\u10e0\u10d0\u10dc\u10e1\u10de\u10dd\u10e0\u10e2\u10d8 \u10e9\u10d5\u10d4\u10dc \u10d2\u10d7\u10d0\u10d5\u10d0\u10d6\u10dd\u10d1\u10d7 \u10e3\u10e1\u10d0\u10e4\u10e0\u10d7\u10ee\u10dd, \u10e8\u10d4\u10e3\u10e4\u10d4\u10e0\u10ee\u10d4\u10d1\u10da\u10d0\u10d3 \u10d3\u10d0 \u10d3\u10e0\u10dd\u10e3\u10da\u10d0\u10d3 \u10db\u10d8\u10ec\u10dd\u10d3\u10d4\u10d1\u10d0\u10e1 \u10e1\u10d0\u10d2\u10d6\u10d0\u10dd \u10e2\u10e0\u10d0\u10dc\u10e1\u10de\u10dd\u10e0\u10e2\u10d8\u10e1 \u10d4\u10e5\u10e1\u10de\u10d4\u10e0\u10e2\u10d4\u10d1\u10d8\u10e1 \u10d2\u10e3\u10dc\u10d3\u10d7\u10d0\u10dc \u10d4\u10e0\u10d7\u10d0\u10d3. \u10e9\u10d5\u10d4\u10dc\u10d8 \u10d4\u10e5\u10e1\u10de\u10d4\u10e0\u10e2\u10d4\u10d1\u10d8\u10e1 \u10d2\u10e3\u10dc\u10d3\u10d8\u10d7 \u10d3\u10d0 \u10dd\u10dc\u10da\u10d0\u10d8\u10dc \u10d7\u10d5\u10d0\u10da\u10d7\u10d5\u10d0\u10da\u10d8\u10e1 \u10e2\u10d4\u10e5\u10dc\u10dd\u10da\u10dd\u10d2\u10d8\u10d8\u10d7, \u10d0\u10e0 \u10d8\u10dc\u10d4\u10e0\u10d5\u10d8\u10e3\u10da\u10dd\u10d7.[\/vc_column_text][vc_btn title=&#8221;\u1c9b\u10d4\u10e2\u10d8 \u10d8\u10dc\u10e4\u10dd\u10e0\u10db\u10d0\u10ea\u10d8\u10d0&#8221; style=&#8221;outline&#8221; color=&#8221;sky&#8221; size=&#8221;xs&#8221; align=&#8221;center&#8221; i_icon_fontawesome=&#8221;fas fa-truck-moving&#8221; button_block=&#8221;true&#8221; add_icon=&#8221;true&#8221; link=&#8221;url:https%3A%2F%2Fegecetransport.com%2Fge%2Fkarayolu-tasimaciligi%2F&#8221;][\/vc_column][vc_column width=&#8221;1\/3&#8243;][vc_single_image image=&#8221;6110&#8243; img_size=&#8221;full&#8221; alignment=&#8221;center&#8221; style=&#8221;vc_box_outline&#8221; border_color=&#8221;sky&#8221; [&hellip;]<\/p>\n","protected":false},"author":1,"featured_media":0,"parent":0,"menu_order":1,"comment_status":"closed","ping_status":"open","template":"","meta":[],"yoast_head":"<!-- This site is optimized with the Yoast SEO plugin v19.13 - https:\/\/yoast.com\/wordpress\/plugins\/seo\/ -->\n<title>Egece Transport Uluslararas\u0131 Kara, Hava ve Deniz Ta\u015f\u0131mac\u0131l\u0131\u011f\u0131<\/title>\n<meta name=\"description\" content=\"Lojisti\u011fin yeni y\u00fckseleni Egece Transport, T\u00fcrkiye ve Avrupa&#039;n\u0131n her noktas\u0131na kara, hava ve deniz ta\u015f\u0131mac\u0131l\u0131\u011f\u0131 hizmeti sunmaktad\u0131r.\" \/>\n<meta name=\"robots\" content=\"index, follow, max-snippet:-1, max-image-preview:large, max-video-preview:-1\" \/>\n<link rel=\"canonical\" href=\"https:\/\/egecetransport.com\/\" \/>\n<meta property=\"og:locale\" content=\"ka_GE\" \/>\n<meta property=\"og:type\" content=\"article\" \/>\n<meta property=\"og:title\" content=\"Egece Transport Uluslararas\u0131 Kara, Hava ve Deniz Ta\u015f\u0131mac\u0131l\u0131\u011f\u0131\" \/>\n<meta property=\"og:description\" content=\"Lojisti\u011fin yeni y\u00fckseleni Egece Transport, T\u00fcrkiye ve Avrupa&#039;n\u0131n her noktas\u0131na kara, hava ve deniz ta\u015f\u0131mac\u0131l\u0131\u011f\u0131 hizmeti sunmaktad\u0131r.\" \/>\n<meta property=\"og:url\" content=\"https:\/\/egecetransport.com\/\" \/>\n<meta property=\"og:site_name\" content=\"Egece Transport\" \/>\n<meta property=\"article:modified_time\" content=\"2023-02-03T20:45:05+00:00\" \/>\n<meta property=\"og:image\" content=\"https:\/\/egecetransport.com\/wp-content\/uploads\/2022\/12\/egece-kurumsal-logo-head.png\" \/>\n<meta name=\"twitter:card\" content=\"summary_large_image\" \/>\n<meta name=\"twitter:label1\" content=\"Est. reading time\" \/>\n\t<meta name=\"twitter:data1\" content=\"3 \u10ec\u10e3\u10d7\u10d8\" \/>\n<script type=\"application\/ld+json\" class=\"yoast-schema-graph\">{\"@context\":\"https:\/\/schema.org\",\"@graph\":[{\"@type\":\"WebPage\",\"@id\":\"https:\/\/egecetransport.com\/\",\"url\":\"https:\/\/egecetransport.com\/\",\"name\":\"Egece Transport Uluslararas\u0131 Kara, Hava ve Deniz Ta\u015f\u0131mac\u0131l\u0131\u011f\u0131\",\"isPartOf\":{\"@id\":\"https:\/\/egecetransport.com\/#website\"},\"datePublished\":\"2014-07-18T10:29:34+00:00\",\"dateModified\":\"2023-02-03T20:45:05+00:00\",\"description\":\"Lojisti\u011fin yeni y\u00fckseleni Egece Transport, T\u00fcrkiye ve Avrupa'n\u0131n her noktas\u0131na kara, hava ve deniz ta\u015f\u0131mac\u0131l\u0131\u011f\u0131 hizmeti sunmaktad\u0131r.\",\"breadcrumb\":{\"@id\":\"https:\/\/egecetransport.com\/#breadcrumb\"},\"inLanguage\":\"ka-GE\",\"potentialAction\":[{\"@type\":\"ReadAction\",\"target\":[\"https:\/\/egecetransport.com\/\"]}]},{\"@type\":\"BreadcrumbList\",\"@id\":\"https:\/\/egecetransport.com\/#breadcrumb\",\"itemListElement\":[{\"@type\":\"ListItem\",\"position\":1,\"name\":\"Anasayfa\",\"item\":\"https:\/\/egecetransport.com\/\"},{\"@type\":\"ListItem\",\"position\":2,\"name\":\"Ana Sayfa\"}]},{\"@type\":\"WebSite\",\"@id\":\"https:\/\/egecetransport.com\/#website\",\"url\":\"https:\/\/egecetransport.com\/\",\"name\":\"www.egecetransport.com\",\"description\":\"Uluslararas\u0131 Kara - Hava ve Deniz Ta\u015f\u0131mac\u0131l\u0131\u011f\u0131\",\"publisher\":{\"@id\":\"https:\/\/egecetransport.com\/#organization\"},\"potentialAction\":[{\"@type\":\"SearchAction\",\"target\":{\"@type\":\"EntryPoint\",\"urlTemplate\":\"https:\/\/egecetransport.com\/?s={search_term_string}\"},\"query-input\":\"required name=search_term_string\"}],\"inLanguage\":\"ka-GE\"},{\"@type\":\"Organization\",\"@id\":\"https:\/\/egecetransport.com\/#organization\",\"name\":\"www.egecetransport.com\",\"url\":\"https:\/\/egecetransport.com\/\",\"logo\":{\"@type\":\"ImageObject\",\"inLanguage\":\"ka-GE\",\"@id\":\"https:\/\/egecetransport.com\/#\/schema\/logo\/image\/\",\"url\":\"https:\/\/egecetransport.com\/wp-content\/uploads\/2022\/12\/egece-kurumsal-logo-head.png\",\"contentUrl\":\"https:\/\/egecetransport.com\/wp-content\/uploads\/2022\/12\/egece-kurumsal-logo-head.png\",\"width\":270,\"height\":70,\"caption\":\"www.egecetransport.com\"},\"image\":{\"@id\":\"https:\/\/egecetransport.com\/#\/schema\/logo\/image\/\"}}]}<\/script>\n<!-- \/ Yoast SEO plugin. -->","yoast_head_json":{"title":"Egece Transport Uluslararas\u0131 Kara, Hava ve Deniz Ta\u015f\u0131mac\u0131l\u0131\u011f\u0131","description":"Lojisti\u011fin yeni y\u00fckseleni Egece Transport, T\u00fcrkiye ve Avrupa'n\u0131n her noktas\u0131na kara, hava ve deniz ta\u015f\u0131mac\u0131l\u0131\u011f\u0131 hizmeti sunmaktad\u0131r.","robots":{"index":"index","follow":"follow","max-snippet":"max-snippet:-1","max-image-preview":"max-image-preview:large","max-video-preview":"max-video-preview:-1"},"canonical":"https:\/\/egecetransport.com\/","og_locale":"ka_GE","og_type":"article","og_title":"Egece Transport Uluslararas\u0131 Kara, Hava ve Deniz Ta\u015f\u0131mac\u0131l\u0131\u011f\u0131","og_description":"Lojisti\u011fin yeni y\u00fckseleni Egece Transport, T\u00fcrkiye ve Avrupa'n\u0131n her noktas\u0131na kara, hava ve deniz ta\u015f\u0131mac\u0131l\u0131\u011f\u0131 hizmeti sunmaktad\u0131r.","og_url":"https:\/\/egecetransport.com\/","og_site_name":"Egece Transport","article_modified_time":"2023-02-03T20:45:05+00:00","og_image":[{"url":"https:\/\/egecetransport.com\/wp-content\/uploads\/2022\/12\/egece-kurumsal-logo-head.png"}],"twitter_card":"summary_large_image","twitter_misc":{"Est. reading time":"3 \u10ec\u10e3\u10d7\u10d8"},"schema":{"@context":"https:\/\/schema.org","@graph":[{"@type":"WebPage","@id":"https:\/\/egecetransport.com\/","url":"https:\/\/egecetransport.com\/","name":"Egece Transport Uluslararas\u0131 Kara, Hava ve Deniz Ta\u015f\u0131mac\u0131l\u0131\u011f\u0131","isPartOf":{"@id":"https:\/\/egecetransport.com\/#website"},"datePublished":"2014-07-18T10:29:34+00:00","dateModified":"2023-02-03T20:45:05+00:00","description":"Lojisti\u011fin yeni y\u00fckseleni Egece Transport, T\u00fcrkiye ve Avrupa'n\u0131n her noktas\u0131na kara, hava ve deniz ta\u015f\u0131mac\u0131l\u0131\u011f\u0131 hizmeti sunmaktad\u0131r.","breadcrumb":{"@id":"https:\/\/egecetransport.com\/#breadcrumb"},"inLanguage":"ka-GE","potentialAction":[{"@type":"ReadAction","target":["https:\/\/egecetransport.com\/"]}]},{"@type":"BreadcrumbList","@id":"https:\/\/egecetransport.com\/#breadcrumb","itemListElement":[{"@type":"ListItem","position":1,"name":"Anasayfa","item":"https:\/\/egecetransport.com\/"},{"@type":"ListItem","position":2,"name":"Ana Sayfa"}]},{"@type":"WebSite","@id":"https:\/\/egecetransport.com\/#website","url":"https:\/\/egecetransport.com\/","name":"www.egecetransport.com","description":"Uluslararas\u0131 Kara - Hava ve Deniz Ta\u015f\u0131mac\u0131l\u0131\u011f\u0131","publisher":{"@id":"https:\/\/egecetransport.com\/#organization"},"potentialAction":[{"@type":"SearchAction","target":{"@type":"EntryPoint","urlTemplate":"https:\/\/egecetransport.com\/?s={search_term_string}"},"query-input":"required name=search_term_string"}],"inLanguage":"ka-GE"},{"@type":"Organization","@id":"https:\/\/egecetransport.com\/#organization","name":"www.egecetransport.com","url":"https:\/\/egecetransport.com\/","logo":{"@type":"ImageObject","inLanguage":"ka-GE","@id":"https:\/\/egecetransport.com\/#\/schema\/logo\/image\/","url":"https:\/\/egecetransport.com\/wp-content\/uploads\/2022\/12\/egece-kurumsal-logo-head.png","contentUrl":"https:\/\/egecetransport.com\/wp-content\/uploads\/2022\/12\/egece-kurumsal-logo-head.png","width":270,"height":70,"caption":"www.egecetransport.com"},"image":{"@id":"https:\/\/egecetransport.com\/#\/schema\/logo\/image\/"}}]}},"_links":{"self":[{"href":"https:\/\/egecetransport.com\/ge\/wp-json\/wp\/v2\/pages\/1085"}],"collection":[{"href":"https:\/\/egecetransport.com\/ge\/wp-json\/wp\/v2\/pages"}],"about":[{"href":"https:\/\/egecetransport.com\/ge\/wp-json\/wp\/v2\/types\/page"}],"author":[{"embeddable":true,"href":"https:\/\/egecetransport.com\/ge\/wp-json\/wp\/v2\/users\/1"}],"replies":[{"embeddable":true,"href":"https:\/\/egecetransport.com\/ge\/wp-json\/wp\/v2\/comments?post=1085"}],"version-history":[{"count":64,"href":"https:\/\/egecetransport.com\/ge\/wp-json\/wp\/v2\/pages\/1085\/revisions"}],"predecessor-version":[{"id":6162,"href":"https:\/\/egecetransport.com\/ge\/wp-json\/wp\/v2\/pages\/1085\/revisions\/6162"}],"wp:attachment":[{"href":"https:\/\/egecetransport.com\/ge\/wp-json\/wp\/v2\/media?parent=1085"}],"curies":[{"name":"wp","href":"https:\/\/api.w.org\/{rel}","templated":true}]}}