{"id":6156,"date":"2023-01-14T08:45:26","date_gmt":"2023-01-14T08:45:26","guid":{"rendered":"https:\/\/egecetransport.com\/?page_id=6156"},"modified":"2023-01-14T08:45:26","modified_gmt":"2023-01-14T08:45:26","slug":"test","status":"publish","type":"page","link":"https:\/\/egecetransport.com\/en\/test\/","title":{"rendered":"TEST"},"content":{"rendered":"<section class=\"wpb-content-wrapper\"><p>[vc_row][vc_column][vc_column_text]test[\/vc_column_text][\/vc_column][\/vc_row]<\/p>\n<\/section>","protected":false},"excerpt":{"rendered":"<p>[vc_row][vc_column][vc_column_text]test[\/vc_column_text][\/vc_column][\/vc_row]<\/p>\n","protected":false},"author":1,"featured_media":0,"parent":0,"menu_order":0,"comment_status":"closed","ping_status":"closed","template":"","meta":[],"yoast_head":"<!-- This site is optimized with the Yoast SEO plugin v19.13 - https:\/\/yoast.com\/wordpress\/plugins\/seo\/ -->\n<title>TEST - Egece Transport<\/title>\n<meta name=\"robots\" content=\"index, follow, max-snippet:-1, max-image-preview:large, max-video-preview:-1\" \/>\n<link rel=\"canonical\" href=\"https:\/\/egecetransport.com\/test\/\" \/>\n<meta property=\"og:locale\" content=\"en_US\" \/>\n<meta property=\"og:type\" content=\"article\" \/>\n<meta property=\"og:title\" content=\"TEST\" \/>\n<meta property=\"og:description\" content=\"[vc_row][vc_column][vc_column_text]test[\/vc_column_text][\/vc_column][\/vc_row]\" \/>\n<meta property=\"og:url\" content=\"https:\/\/egecetransport.com\/test\/\" \/>\n<meta property=\"og:site_name\" content=\"Egece Transport\" \/>\n<meta name=\"twitter:card\" content=\"summary_large_image\" \/>\n<meta name=\"twitter:label1\" content=\"Est. reading time\" \/>\n\t<meta name=\"twitter:data1\" content=\"1 minute\" \/>\n<script type=\"application\/ld+json\" class=\"yoast-schema-graph\">{\"@context\":\"https:\/\/schema.org\",\"@graph\":[{\"@type\":\"WebPage\",\"@id\":\"https:\/\/egecetransport.com\/test\/\",\"url\":\"https:\/\/egecetransport.com\/test\/\",\"name\":\"[:tr]TEST[:] - Egece Transport\",\"isPartOf\":{\"@id\":\"https:\/\/egecetransport.com\/#website\"},\"datePublished\":\"2023-01-14T08:45:26+00:00\",\"dateModified\":\"2023-01-14T08:45:26+00:00\",\"breadcrumb\":{\"@id\":\"https:\/\/egecetransport.com\/test\/#breadcrumb\"},\"inLanguage\":\"en-US\",\"potentialAction\":[{\"@type\":\"ReadAction\",\"target\":[\"https:\/\/egecetransport.com\/test\/\"]}]},{\"@type\":\"BreadcrumbList\",\"@id\":\"https:\/\/egecetransport.com\/test\/#breadcrumb\",\"itemListElement\":[{\"@type\":\"ListItem\",\"position\":1,\"name\":\"Anasayfa\",\"item\":\"https:\/\/egecetransport.com\/\"},{\"@type\":\"ListItem\",\"position\":2,\"name\":\"TEST\"}]},{\"@type\":\"WebSite\",\"@id\":\"https:\/\/egecetransport.com\/#website\",\"url\":\"https:\/\/egecetransport.com\/\",\"name\":\"www.egecetransport.com\",\"description\":\"Uluslararas\u0131 Kara - Hava ve Deniz Ta\u015f\u0131mac\u0131l\u0131\u011f\u0131\",\"publisher\":{\"@id\":\"https:\/\/egecetransport.com\/#organization\"},\"potentialAction\":[{\"@type\":\"SearchAction\",\"target\":{\"@type\":\"EntryPoint\",\"urlTemplate\":\"https:\/\/egecetransport.com\/?s={search_term_string}\"},\"query-input\":\"required name=search_term_string\"}],\"inLanguage\":\"en-US\"},{\"@type\":\"Organization\",\"@id\":\"https:\/\/egecetransport.com\/#organization\",\"name\":\"www.egecetransport.com\",\"url\":\"https:\/\/egecetransport.com\/\",\"logo\":{\"@type\":\"ImageObject\",\"inLanguage\":\"en-US\",\"@id\":\"https:\/\/egecetransport.com\/#\/schema\/logo\/image\/\",\"url\":\"https:\/\/egecetransport.com\/wp-content\/uploads\/2022\/12\/egece-kurumsal-logo-head.png\",\"contentUrl\":\"https:\/\/egecetransport.com\/wp-content\/uploads\/2022\/12\/egece-kurumsal-logo-head.png\",\"width\":270,\"height\":70,\"caption\":\"www.egecetransport.com\"},\"image\":{\"@id\":\"https:\/\/egecetransport.com\/#\/schema\/logo\/image\/\"}}]}<\/script>\n<!-- \/ Yoast SEO plugin. -->","yoast_head_json":{"title":"TEST - Egece Transport","robots":{"index":"index","follow":"follow","max-snippet":"max-snippet:-1","max-image-preview":"max-image-preview:large","max-video-preview":"max-video-preview:-1"},"canonical":"https:\/\/egecetransport.com\/test\/","og_locale":"en_US","og_type":"article","og_title":"[:tr]TEST[:] - Egece Transport","og_description":"[vc_row][vc_column][vc_column_text]test[\/vc_column_text][\/vc_column][\/vc_row]","og_url":"https:\/\/egecetransport.com\/test\/","og_site_name":"Egece Transport","twitter_card":"summary_large_image","twitter_misc":{"Est. reading time":"1 minute"},"schema":{"@context":"https:\/\/schema.org","@graph":[{"@type":"WebPage","@id":"https:\/\/egecetransport.com\/test\/","url":"https:\/\/egecetransport.com\/test\/","name":"[:tr]TEST[:] - Egece Transport","isPartOf":{"@id":"https:\/\/egecetransport.com\/#website"},"datePublished":"2023-01-14T08:45:26+00:00","dateModified":"2023-01-14T08:45:26+00:00","breadcrumb":{"@id":"https:\/\/egecetransport.com\/test\/#breadcrumb"},"inLanguage":"en-US","potentialAction":[{"@type":"ReadAction","target":["https:\/\/egecetransport.com\/test\/"]}]},{"@type":"BreadcrumbList","@id":"https:\/\/egecetransport.com\/test\/#breadcrumb","itemListElement":[{"@type":"ListItem","position":1,"name":"Anasayfa","item":"https:\/\/egecetransport.com\/"},{"@type":"ListItem","position":2,"name":"TEST"}]},{"@type":"WebSite","@id":"https:\/\/egecetransport.com\/#website","url":"https:\/\/egecetransport.com\/","name":"www.egecetransport.com","description":"Uluslararas\u0131 Kara - Hava ve Deniz Ta\u015f\u0131mac\u0131l\u0131\u011f\u0131","publisher":{"@id":"https:\/\/egecetransport.com\/#organization"},"potentialAction":[{"@type":"SearchAction","target":{"@type":"EntryPoint","urlTemplate":"https:\/\/egecetransport.com\/?s={search_term_string}"},"query-input":"required name=search_term_string"}],"inLanguage":"en-US"},{"@type":"Organization","@id":"https:\/\/egecetransport.com\/#organization","name":"www.egecetransport.com","url":"https:\/\/egecetransport.com\/","logo":{"@type":"ImageObject","inLanguage":"en-US","@id":"https:\/\/egecetransport.com\/#\/schema\/logo\/image\/","url":"https:\/\/egecetransport.com\/wp-content\/uploads\/2022\/12\/egece-kurumsal-logo-head.png","contentUrl":"https:\/\/egecetransport.com\/wp-content\/uploads\/2022\/12\/egece-kurumsal-logo-head.png","width":270,"height":70,"caption":"www.egecetransport.com"},"image":{"@id":"https:\/\/egecetransport.com\/#\/schema\/logo\/image\/"}}]}},"_links":{"self":[{"href":"https:\/\/egecetransport.com\/en\/wp-json\/wp\/v2\/pages\/6156"}],"collection":[{"href":"https:\/\/egecetransport.com\/en\/wp-json\/wp\/v2\/pages"}],"about":[{"href":"https:\/\/egecetransport.com\/en\/wp-json\/wp\/v2\/types\/page"}],"author":[{"embeddable":true,"href":"https:\/\/egecetransport.com\/en\/wp-json\/wp\/v2\/users\/1"}],"replies":[{"embeddable":true,"href":"https:\/\/egecetransport.com\/en\/wp-json\/wp\/v2\/comments?post=6156"}],"version-history":[{"count":1,"href":"https:\/\/egecetransport.com\/en\/wp-json\/wp\/v2\/pages\/6156\/revisions"}],"predecessor-version":[{"id":6157,"href":"https:\/\/egecetransport.com\/en\/wp-json\/wp\/v2\/pages\/6156\/revisions\/6157"}],"wp:attachment":[{"href":"https:\/\/egecetransport.com\/en\/wp-json\/wp\/v2\/media?parent=6156"}],"curies":[{"name":"wp","href":"https:\/\/api.w.org\/{rel}","templated":true}]}}