{"id":6020,"date":"2023-01-03T13:57:50","date_gmt":"2023-01-03T13:57:50","guid":{"rendered":"https:\/\/egecetransport.com\/?page_id=6020"},"modified":"2023-01-08T18:21:03","modified_gmt":"2023-01-08T18:21:03","slug":"karayolu-tasimaciligi","status":"publish","type":"page","link":"https:\/\/egecetransport.com\/en\/karayolu-tasimaciligi\/","title":{"rendered":"Overland Transportation"},"content":{"rendered":"<section class=\"wpb-content-wrapper\"><p>[vc_row][vc_column][vc_column_text]<\/p>\n<p style=\"text-align: left;\"><span style=\"color: #000000;\"><strong><img decoding=\"async\" loading=\"lazy\" class=\"alignleft wp-image-6085 size-medium\" src=\"https:\/\/egecetransport.com\/wp-content\/uploads\/2023\/01\/overlan-300x200.jpg\" alt=\"\" width=\"300\" height=\"200\" srcset=\"https:\/\/egecetransport.com\/wp-content\/uploads\/2023\/01\/overlan-300x200.jpg 300w, https:\/\/egecetransport.com\/wp-content\/uploads\/2023\/01\/overlan-524x349.jpg 524w, https:\/\/egecetransport.com\/wp-content\/uploads\/2023\/01\/overlan.jpg 600w\" sizes=\"(max-width: 300px) 100vw, 300px\" \/>OVERLAND TRANSPORTATION<\/strong><\/span><\/p>\n<p style=\"text-align: left;\"><span style=\"color: #000000;\">We provide safe, smooth delivery on time with our expert crew on overland transport. You don\u2019t need to worry about your delivery with our specialists and online tracking technology.<br \/>\n<\/span><\/p>\n<p>[\/vc_column_text][vc_btn title=&#8221;Logistics Request Form&#8221; style=&#8221;outline&#8221; color=&#8221;sky&#8221; align=&#8221;left&#8221; i_icon_fontawesome=&#8221;fas fa-edit&#8221; add_icon=&#8221;true&#8221; link=&#8221;url:https%3A%2F%2Fegecetransport.com%2Fen%2Flojistik-talep-formu%2F&#8221;][\/vc_column][\/vc_row]<\/p>\n<\/section>","protected":false},"excerpt":{"rendered":"<p>[vc_row][vc_column][vc_column_text] OVERLAND TRANSPORTATION We provide safe, smooth delivery on time with our expert crew on overland transport. You don\u2019t need to worry about your delivery with our specialists and online tracking technology. [\/vc_column_text][vc_btn title=&#8221;Logistics Request Form&#8221; style=&#8221;outline&#8221; color=&#8221;sky&#8221; align=&#8221;left&#8221; i_icon_fontawesome=&#8221;fas fa-edit&#8221; add_icon=&#8221;true&#8221; link=&#8221;url:https%3A%2F%2Fegecetransport.com%2Fen%2Flojistik-talep-formu%2F&#8221;][\/vc_column][\/vc_row]<\/p>\n","protected":false},"author":1,"featured_media":0,"parent":0,"menu_order":0,"comment_status":"closed","ping_status":"closed","template":"","meta":[],"yoast_head":"<!-- This site is optimized with the Yoast SEO plugin v19.13 - https:\/\/yoast.com\/wordpress\/plugins\/seo\/ -->\n<title>Overland Transportation - Egece Transport<\/title>\n<meta name=\"robots\" content=\"index, follow, max-snippet:-1, max-image-preview:large, max-video-preview:-1\" \/>\n<link rel=\"canonical\" href=\"https:\/\/egecetransport.com\/ru\/karayolu-tasimaciligi\/\" \/>\n<meta property=\"og:locale\" content=\"en_US\" \/>\n<meta property=\"og:type\" content=\"article\" \/>\n<meta property=\"og:title\" content=\"Overland Transportation\" \/>\n<meta property=\"og:description\" content=\"[vc_row][vc_column][vc_column_text] OVERLAND TRANSPORTATION We provide safe, smooth delivery on time with our expert crew on overland transport. You don\u2019t need to worry about your delivery with our specialists and online tracking technology. [\/vc_column_text][vc_btn title=&#8221;Logistics Request Form&#8221; style=&#8221;outline&#8221; color=&#8221;sky&#8221; align=&#8221;left&#8221; i_icon_fontawesome=&#8221;fas fa-edit&#8221; add_icon=&#8221;true&#8221; link=&#8221;url:https%3A%2F%2Fegecetransport.com%2Fen%2Flojistik-talep-formu%2F&#8221;][\/vc_column][\/vc_row]\" \/>\n<meta property=\"og:url\" content=\"https:\/\/egecetransport.com\/ru\/karayolu-tasimaciligi\/\" \/>\n<meta property=\"og:site_name\" content=\"Egece Transport\" \/>\n<meta property=\"article:modified_time\" content=\"2023-01-08T18:21:03+00:00\" \/>\n<meta property=\"og:image\" content=\"https:\/\/egecetransport.com\/wp-content\/uploads\/2023\/01\/karayolu-egece-300x200.jpg\" \/>\n<meta name=\"twitter:card\" content=\"summary_large_image\" \/>\n<meta name=\"twitter:label1\" content=\"Est. reading time\" \/>\n\t<meta name=\"twitter:data1\" content=\"1 minute\" \/>\n<script type=\"application\/ld+json\" class=\"yoast-schema-graph\">{\"@context\":\"https:\/\/schema.org\",\"@graph\":[{\"@type\":\"WebPage\",\"@id\":\"https:\/\/egecetransport.com\/ru\/karayolu-tasimaciligi\/\",\"url\":\"https:\/\/egecetransport.com\/ru\/karayolu-tasimaciligi\/\",\"name\":\"[:tr]Karayolu Ta\u015f\u0131mac\u0131l\u0131\u011f\u0131[:en]Overland Transportation[:ru]\u0430\u0432\u0442\u043e\u043c\u043e\u0431\u0438\u043b\u044c\u043d\u044b\u0435 \u043f\u0435\u0440\u0435\u0432\u043e\u0437\u043a\u0438[:ge]\u10d2\u10d6\u10d0\u10e2\u10d9\u10d4\u10ea\u10d8\u10da\u10d8 \u10e2\u10e0\u10d0\u10dc\u10e1\u10de\u10dd\u10e0\u10e2\u10d8[:] - Egece Transport\",\"isPartOf\":{\"@id\":\"https:\/\/egecetransport.com\/#website\"},\"datePublished\":\"2023-01-03T13:57:50+00:00\",\"dateModified\":\"2023-01-08T18:21:03+00:00\",\"breadcrumb\":{\"@id\":\"https:\/\/egecetransport.com\/ru\/karayolu-tasimaciligi\/#breadcrumb\"},\"inLanguage\":\"en-US\",\"potentialAction\":[{\"@type\":\"ReadAction\",\"target\":[\"https:\/\/egecetransport.com\/ru\/karayolu-tasimaciligi\/\"]}]},{\"@type\":\"BreadcrumbList\",\"@id\":\"https:\/\/egecetransport.com\/ru\/karayolu-tasimaciligi\/#breadcrumb\",\"itemListElement\":[{\"@type\":\"ListItem\",\"position\":1,\"name\":\"Anasayfa\",\"item\":\"https:\/\/egecetransport.com\/\"},{\"@type\":\"ListItem\",\"position\":2,\"name\":\"\u0430\u0432\u0442\u043e\u043c\u043e\u0431\u0438\u043b\u044c\u043d\u044b\u0435 \u043f\u0435\u0440\u0435\u0432\u043e\u0437\u043a\u0438\"}]},{\"@type\":\"WebSite\",\"@id\":\"https:\/\/egecetransport.com\/#website\",\"url\":\"https:\/\/egecetransport.com\/\",\"name\":\"www.egecetransport.com\",\"description\":\"Uluslararas\u0131 Kara - Hava ve Deniz Ta\u015f\u0131mac\u0131l\u0131\u011f\u0131\",\"publisher\":{\"@id\":\"https:\/\/egecetransport.com\/#organization\"},\"potentialAction\":[{\"@type\":\"SearchAction\",\"target\":{\"@type\":\"EntryPoint\",\"urlTemplate\":\"https:\/\/egecetransport.com\/?s={search_term_string}\"},\"query-input\":\"required name=search_term_string\"}],\"inLanguage\":\"en-US\"},{\"@type\":\"Organization\",\"@id\":\"https:\/\/egecetransport.com\/#organization\",\"name\":\"www.egecetransport.com\",\"url\":\"https:\/\/egecetransport.com\/\",\"logo\":{\"@type\":\"ImageObject\",\"inLanguage\":\"en-US\",\"@id\":\"https:\/\/egecetransport.com\/#\/schema\/logo\/image\/\",\"url\":\"https:\/\/egecetransport.com\/wp-content\/uploads\/2022\/12\/egece-kurumsal-logo-head.png\",\"contentUrl\":\"https:\/\/egecetransport.com\/wp-content\/uploads\/2022\/12\/egece-kurumsal-logo-head.png\",\"width\":270,\"height\":70,\"caption\":\"www.egecetransport.com\"},\"image\":{\"@id\":\"https:\/\/egecetransport.com\/#\/schema\/logo\/image\/\"}}]}<\/script>\n<!-- \/ Yoast SEO plugin. -->","yoast_head_json":{"title":"Overland Transportation - Egece Transport","robots":{"index":"index","follow":"follow","max-snippet":"max-snippet:-1","max-image-preview":"max-image-preview:large","max-video-preview":"max-video-preview:-1"},"canonical":"https:\/\/egecetransport.com\/ru\/karayolu-tasimaciligi\/","og_locale":"en_US","og_type":"article","og_title":"[:tr]Karayolu Ta\u015f\u0131mac\u0131l\u0131\u011f\u0131[:en]Overland Transportation[:ru]\u0430\u0432\u0442\u043e\u043c\u043e\u0431\u0438\u043b\u044c\u043d\u044b\u0435 \u043f\u0435\u0440\u0435\u0432\u043e\u0437\u043a\u0438[:ge]\u10d2\u10d6\u10d0\u10e2\u10d9\u10d4\u10ea\u10d8\u10da\u10d8 \u10e2\u10e0\u10d0\u10dc\u10e1\u10de\u10dd\u10e0\u10e2\u10d8[:] - Egece Transport","og_description":"[vc_row][vc_column][vc_column_text] OVERLAND TRANSPORTATION We provide safe, smooth delivery on time with our expert crew on overland transport. You don\u2019t need to worry about your delivery with our specialists and online tracking technology. [\/vc_column_text][vc_btn title=&#8221;Logistics Request Form&#8221; style=&#8221;outline&#8221; color=&#8221;sky&#8221; align=&#8221;left&#8221; i_icon_fontawesome=&#8221;fas fa-edit&#8221; add_icon=&#8221;true&#8221; link=&#8221;url:https%3A%2F%2Fegecetransport.com%2Fen%2Flojistik-talep-formu%2F&#8221;][\/vc_column][\/vc_row]","og_url":"https:\/\/egecetransport.com\/ru\/karayolu-tasimaciligi\/","og_site_name":"Egece Transport","article_modified_time":"2023-01-08T18:21:03+00:00","og_image":[{"url":"https:\/\/egecetransport.com\/wp-content\/uploads\/2023\/01\/karayolu-egece-300x200.jpg"}],"twitter_card":"summary_large_image","twitter_misc":{"Est. reading time":"1 minute"},"schema":{"@context":"https:\/\/schema.org","@graph":[{"@type":"WebPage","@id":"https:\/\/egecetransport.com\/ru\/karayolu-tasimaciligi\/","url":"https:\/\/egecetransport.com\/ru\/karayolu-tasimaciligi\/","name":"[:tr]Karayolu Ta\u015f\u0131mac\u0131l\u0131\u011f\u0131[:en]Overland Transportation[:ru]\u0430\u0432\u0442\u043e\u043c\u043e\u0431\u0438\u043b\u044c\u043d\u044b\u0435 \u043f\u0435\u0440\u0435\u0432\u043e\u0437\u043a\u0438[:ge]\u10d2\u10d6\u10d0\u10e2\u10d9\u10d4\u10ea\u10d8\u10da\u10d8 \u10e2\u10e0\u10d0\u10dc\u10e1\u10de\u10dd\u10e0\u10e2\u10d8[:] - Egece Transport","isPartOf":{"@id":"https:\/\/egecetransport.com\/#website"},"datePublished":"2023-01-03T13:57:50+00:00","dateModified":"2023-01-08T18:21:03+00:00","breadcrumb":{"@id":"https:\/\/egecetransport.com\/ru\/karayolu-tasimaciligi\/#breadcrumb"},"inLanguage":"en-US","potentialAction":[{"@type":"ReadAction","target":["https:\/\/egecetransport.com\/ru\/karayolu-tasimaciligi\/"]}]},{"@type":"BreadcrumbList","@id":"https:\/\/egecetransport.com\/ru\/karayolu-tasimaciligi\/#breadcrumb","itemListElement":[{"@type":"ListItem","position":1,"name":"Anasayfa","item":"https:\/\/egecetransport.com\/"},{"@type":"ListItem","position":2,"name":"\u0430\u0432\u0442\u043e\u043c\u043e\u0431\u0438\u043b\u044c\u043d\u044b\u0435 \u043f\u0435\u0440\u0435\u0432\u043e\u0437\u043a\u0438"}]},{"@type":"WebSite","@id":"https:\/\/egecetransport.com\/#website","url":"https:\/\/egecetransport.com\/","name":"www.egecetransport.com","description":"Uluslararas\u0131 Kara - Hava ve Deniz Ta\u015f\u0131mac\u0131l\u0131\u011f\u0131","publisher":{"@id":"https:\/\/egecetransport.com\/#organization"},"potentialAction":[{"@type":"SearchAction","target":{"@type":"EntryPoint","urlTemplate":"https:\/\/egecetransport.com\/?s={search_term_string}"},"query-input":"required name=search_term_string"}],"inLanguage":"en-US"},{"@type":"Organization","@id":"https:\/\/egecetransport.com\/#organization","name":"www.egecetransport.com","url":"https:\/\/egecetransport.com\/","logo":{"@type":"ImageObject","inLanguage":"en-US","@id":"https:\/\/egecetransport.com\/#\/schema\/logo\/image\/","url":"https:\/\/egecetransport.com\/wp-content\/uploads\/2022\/12\/egece-kurumsal-logo-head.png","contentUrl":"https:\/\/egecetransport.com\/wp-content\/uploads\/2022\/12\/egece-kurumsal-logo-head.png","width":270,"height":70,"caption":"www.egecetransport.com"},"image":{"@id":"https:\/\/egecetransport.com\/#\/schema\/logo\/image\/"}}]}},"_links":{"self":[{"href":"https:\/\/egecetransport.com\/en\/wp-json\/wp\/v2\/pages\/6020"}],"collection":[{"href":"https:\/\/egecetransport.com\/en\/wp-json\/wp\/v2\/pages"}],"about":[{"href":"https:\/\/egecetransport.com\/en\/wp-json\/wp\/v2\/types\/page"}],"author":[{"embeddable":true,"href":"https:\/\/egecetransport.com\/en\/wp-json\/wp\/v2\/users\/1"}],"replies":[{"embeddable":true,"href":"https:\/\/egecetransport.com\/en\/wp-json\/wp\/v2\/comments?post=6020"}],"version-history":[{"count":13,"href":"https:\/\/egecetransport.com\/en\/wp-json\/wp\/v2\/pages\/6020\/revisions"}],"predecessor-version":[{"id":6125,"href":"https:\/\/egecetransport.com\/en\/wp-json\/wp\/v2\/pages\/6020\/revisions\/6125"}],"wp:attachment":[{"href":"https:\/\/egecetransport.com\/en\/wp-json\/wp\/v2\/media?parent=6020"}],"curies":[{"name":"wp","href":"https:\/\/api.w.org\/{rel}","templated":true}]}}